{"id":4002,"date":"2025-07-18T07:20:05","date_gmt":"2025-07-18T07:20:05","guid":{"rendered":"https:\/\/bandesoft.com\/?page_id=4002"},"modified":"2025-08-15T15:30:55","modified_gmt":"2025-08-15T15:30:55","slug":"germany-2","status":"publish","type":"page","link":"https:\/\/bandesoft.com\/fr\/germany-2\/","title":{"rendered":"Germany"},"content":{"rendered":"<div data-elementor-type=\"wp-page\" data-elementor-id=\"4002\" class=\"elementor elementor-4002\" data-elementor-post-type=\"page\">\n\t\t\t\t<div class=\"elementor-element elementor-element-cba4565 e-flex e-con-boxed wpr-particle-no wpr-jarallax-no wpr-parallax-no wpr-sticky-section-no e-con e-parent\" data-id=\"cba4565\" data-element_type=\"container\" data-settings=\"{&quot;background_background&quot;:&quot;classic&quot;}\">\n\t\t\t\t\t<div class=\"e-con-inner\">\n\t\t<div class=\"elementor-element elementor-element-8abf0a4 e-con-full e-flex wpr-particle-no wpr-jarallax-no wpr-parallax-no wpr-sticky-section-no e-con e-child\" data-id=\"8abf0a4\" data-element_type=\"container\">\n\t\t\t\t<div class=\"elementor-element elementor-element-d13ca2d animated-fast elementor-invisible elementor-widget elementor-widget-heading\" data-id=\"d13ca2d\" data-element_type=\"widget\" data-settings=\"{&quot;_animation&quot;:&quot;fadeInUp&quot;}\" data-widget_type=\"heading.default\">\n\t\t\t\t<div class=\"elementor-widget-container\">\n\t\t\t\t\t<h2 class=\"elementor-heading-title elementor-size-default\">Donner \u00e0 chaque \u00e9quipe les outils pour fa\u00e7onner l'avenir<\/h2>\t\t\t\t<\/div>\n\t\t\t\t<\/div>\n\t\t\t\t<div class=\"elementor-element elementor-element-58bde21 elementor-invisible elementor-widget elementor-widget-text-editor\" data-id=\"58bde21\" data-element_type=\"widget\" data-settings=\"{&quot;_animation&quot;:&quot;fadeInUp&quot;}\" data-widget_type=\"text-editor.default\">\n\t\t\t\t<div class=\"elementor-widget-container\">\n\t\t\t\t\t\t\t\t\t<p>Fond\u00e9e \u00e0 Essen, en Allemagne, en 2018, BandeSoft GmbH est un pilier du groupe BandeSoft, reconnu pour ses services de conseil SAP sp\u00e9cialis\u00e9s. Principalement au service d&#8217;une client\u00e8le diversifi\u00e9e en Allemagne et sur le march\u00e9 europ\u00e9en, BandeSoft GmbH s&#8217;est forg\u00e9 une solide r\u00e9putation pour ses solutions SAP compl\u00e8tes.<\/p>\t\t\t\t\t\t\t\t<\/div>\n\t\t\t\t<\/div>\n\t\t\t\t<\/div>\n\t\t<div class=\"elementor-element elementor-element-196d089 e-con-full e-flex wpr-particle-no wpr-jarallax-no wpr-parallax-no wpr-sticky-section-no e-con e-child\" data-id=\"196d089\" data-element_type=\"container\">\n\t\t\t\t<\/div>\n\t\t\t\t\t<\/div>\n\t\t\t\t<\/div>\n\t\t<div class=\"elementor-element elementor-element-536bb9f e-flex e-con-boxed wpr-particle-no wpr-jarallax-no wpr-parallax-no wpr-sticky-section-no e-con e-parent\" data-id=\"536bb9f\" data-element_type=\"container\">\n\t\t\t\t\t<div class=\"e-con-inner\">\n\t\t<div class=\"elementor-element elementor-element-f73fe23 e-flex e-con-boxed wpr-particle-no wpr-jarallax-no wpr-parallax-no wpr-sticky-section-no e-con e-child\" data-id=\"f73fe23\" data-element_type=\"container\">\n\t\t\t\t\t<div class=\"e-con-inner\">\n\t\t\t\t<div class=\"elementor-element elementor-element-0111003 elementor-invisible elementor-widget elementor-widget-text-editor\" data-id=\"0111003\" data-element_type=\"widget\" data-settings=\"{&quot;_animation&quot;:&quot;slideInUp&quot;,&quot;_animation_delay&quot;:100}\" data-widget_type=\"text-editor.default\">\n\t\t\t\t<div class=\"elementor-widget-container\">\n\t\t\t\t\t\t\t\t\t<p>Fond\u00e9e \u00e0 Essen, en Allemagne, en 2018, BandeSoft GmbH est un pilier du groupe BandeSoft, r\u00e9put\u00e9 pour ses services de conseil SAP sp\u00e9cialis\u00e9s. Principalement au service d&#8217;une client\u00e8le diversifi\u00e9e en Allemagne et sur le march\u00e9 europ\u00e9en, BandeSoft GmbH s&#8217;est forg\u00e9 une solide r\u00e9putation pour la fourniture de solutions SAP compl\u00e8tes.<\/p><p>Gr\u00e2ce \u00e0 la qualit\u00e9 constante de ses services et \u00e0 son expertise approfondie des diff\u00e9rents modules SAP, dont SAP Transportation Management (TM) et SAP S\/4HANA, BandeSoft GmbH a obtenu le prestigieux statut de Partenaire SAP Silver. Cette reconnaissance souligne ses comp\u00e9tences reconnues en mati\u00e8re de d\u00e9veloppement logiciel, de mise en \u0153uvre de projets, de personnalisation de syst\u00e8mes et de conseil expert, source de valeur significative pour ses clients du secteur de la logistique et d&#8217;autres secteurs.<\/p><p>Au-del\u00e0 de son activit\u00e9 principale de conseil SAP, BandeSoft GmbH sert \u00e9galement de tremplin \u00e0 la plateforme FDS (fd-squad.com), une solution innovante qui gagne d\u00e9j\u00e0 en popularit\u00e9 aupr\u00e8s des clients allemands. Cela d\u00e9montre l&#8217;engagement de BandeSoft GmbH non seulement \u00e0 fournir des services d&#8217;expertise, mais aussi \u00e0 d\u00e9velopper et d\u00e9ployer des solutions technologiques propri\u00e9taires. Son succ\u00e8s et ses partenariats strat\u00e9giques en Europe constituent une base solide pour l\u2019expansion mondiale du Groupe et ses projets innovants comme GloSwitch.<\/p>\t\t\t\t\t\t\t\t<\/div>\n\t\t\t\t<\/div>\n\t\t\t\t\t<\/div>\n\t\t\t\t<\/div>\n\t\t\t\t\t<\/div>\n\t\t\t\t<\/div>\n\t\t\t\t<\/div>","protected":false},"excerpt":{"rendered":"<p>Donner \u00e0 chaque \u00e9quipe les outils pour fa\u00e7onner l&#8217;avenir Fond\u00e9e \u00e0 Essen, en Allemagne, en 2018, BandeSoft GmbH est un pilier du groupe BandeSoft, reconnu pour ses services de conseil SAP sp\u00e9cialis\u00e9s. Principalement au service d&#8217;une client\u00e8le diversifi\u00e9e en Allemagne et sur le march\u00e9 europ\u00e9en, BandeSoft GmbH s&#8217;est forg\u00e9 une solide r\u00e9putation pour ses solutions SAP compl\u00e8tes. Fond\u00e9e \u00e0 Essen, en Allemagne, en 2018, BandeSoft GmbH est un pilier du groupe BandeSoft, r\u00e9put\u00e9 pour ses services de conseil SAP sp\u00e9cialis\u00e9s. Principalement au service d&#8217;une client\u00e8le diversifi\u00e9e en Allemagne et sur le march\u00e9 europ\u00e9en, BandeSoft GmbH s&#8217;est forg\u00e9 une solide r\u00e9putation pour la fourniture de solutions SAP compl\u00e8tes. Gr\u00e2ce \u00e0 la qualit\u00e9 constante de ses services et \u00e0 son expertise approfondie des diff\u00e9rents modules SAP, dont SAP Transportation Management (TM) et SAP S\/4HANA, BandeSoft GmbH a obtenu le prestigieux statut de Partenaire SAP Silver. Cette reconnaissance souligne ses comp\u00e9tences reconnues en mati\u00e8re de d\u00e9veloppement logiciel, de mise en \u0153uvre de projets, de personnalisation de syst\u00e8mes et de conseil expert, source de valeur significative pour ses clients du secteur de la logistique et d&#8217;autres secteurs. Au-del\u00e0 de son activit\u00e9 principale de conseil SAP, BandeSoft GmbH sert \u00e9galement de tremplin \u00e0 la plateforme FDS (fd-squad.com), une solution innovante qui gagne d\u00e9j\u00e0 en popularit\u00e9 aupr\u00e8s des clients allemands. Cela d\u00e9montre l&#8217;engagement de BandeSoft GmbH non seulement \u00e0 fournir des services d&#8217;expertise, mais aussi \u00e0 d\u00e9velopper et d\u00e9ployer des solutions technologiques propri\u00e9taires. Son succ\u00e8s et ses partenariats strat\u00e9giques en Europe constituent une base solide pour l\u2019expansion mondiale du Groupe et ses projets innovants comme GloSwitch.<\/p>","protected":false},"author":1,"featured_media":0,"parent":0,"menu_order":0,"comment_status":"closed","ping_status":"closed","template":"","meta":{"footnotes":""},"class_list":["post-4002","page","type-page","status-publish","hentry"],"yoast_head":"<!-- This site is optimized with the Yoast SEO plugin v26.0 - https:\/\/yoast.com\/wordpress\/plugins\/seo\/ -->\n<title>Germany - Bandesoft<\/title>\n<meta name=\"robots\" content=\"index, follow, max-snippet:-1, max-image-preview:large, max-video-preview:-1\" \/>\n<link rel=\"canonical\" href=\"https:\/\/bandesoft.com\/fr\/germany-2\/\" \/>\n<meta property=\"og:locale\" content=\"fr_FR\" \/>\n<meta property=\"og:type\" content=\"article\" \/>\n<meta property=\"og:title\" content=\"Germany - Bandesoft\" \/>\n<meta property=\"og:description\" content=\"Donner \u00e0 chaque \u00e9quipe les outils pour fa\u00e7onner l&#8217;avenir Fond\u00e9e \u00e0 Essen, en Allemagne, en 2018, BandeSoft GmbH est un pilier du groupe BandeSoft, reconnu pour ses services de conseil SAP sp\u00e9cialis\u00e9s. Principalement au service d&#8217;une client\u00e8le diversifi\u00e9e en Allemagne et sur le march\u00e9 europ\u00e9en, BandeSoft GmbH s&#8217;est forg\u00e9 une solide r\u00e9putation pour ses solutions SAP compl\u00e8tes. Fond\u00e9e \u00e0 Essen, en Allemagne, en 2018, BandeSoft GmbH est un pilier du groupe BandeSoft, r\u00e9put\u00e9 pour ses services de conseil SAP sp\u00e9cialis\u00e9s. Principalement au service d&#8217;une client\u00e8le diversifi\u00e9e en Allemagne et sur le march\u00e9 europ\u00e9en, BandeSoft GmbH s&#8217;est forg\u00e9 une solide r\u00e9putation pour la fourniture de solutions SAP compl\u00e8tes. Gr\u00e2ce \u00e0 la qualit\u00e9 constante de ses services et \u00e0 son expertise approfondie des diff\u00e9rents modules SAP, dont SAP Transportation Management (TM) et SAP S\/4HANA, BandeSoft GmbH a obtenu le prestigieux statut de Partenaire SAP Silver. Cette reconnaissance souligne ses comp\u00e9tences reconnues en mati\u00e8re de d\u00e9veloppement logiciel, de mise en \u0153uvre de projets, de personnalisation de syst\u00e8mes et de conseil expert, source de valeur significative pour ses clients du secteur de la logistique et d&#8217;autres secteurs. Au-del\u00e0 de son activit\u00e9 principale de conseil SAP, BandeSoft GmbH sert \u00e9galement de tremplin \u00e0 la plateforme FDS (fd-squad.com), une solution innovante qui gagne d\u00e9j\u00e0 en popularit\u00e9 aupr\u00e8s des clients allemands. Cela d\u00e9montre l&#8217;engagement de BandeSoft GmbH non seulement \u00e0 fournir des services d&#8217;expertise, mais aussi \u00e0 d\u00e9velopper et d\u00e9ployer des solutions technologiques propri\u00e9taires. Son succ\u00e8s et ses partenariats strat\u00e9giques en Europe constituent une base solide pour l\u2019expansion mondiale du Groupe et ses projets innovants comme GloSwitch.\" \/>\n<meta property=\"og:url\" content=\"https:\/\/bandesoft.com\/fr\/germany-2\/\" \/>\n<meta property=\"og:site_name\" content=\"Bandesoft\" \/>\n<meta property=\"article:modified_time\" content=\"2025-08-15T15:30:55+00:00\" \/>\n<meta name=\"twitter:card\" content=\"summary_large_image\" \/>\n<meta name=\"twitter:label1\" content=\"Dur\u00e9e de lecture estim\u00e9e\" \/>\n\t<meta name=\"twitter:data1\" content=\"2 minutes\" \/>\n<script type=\"application\/ld+json\" class=\"yoast-schema-graph\">{\"@context\":\"https:\/\/schema.org\",\"@graph\":[{\"@type\":\"WebPage\",\"@id\":\"https:\/\/bandesoft.com\/fr\/germany-2\/\",\"url\":\"https:\/\/bandesoft.com\/fr\/germany-2\/\",\"name\":\"Germany - Bandesoft\",\"isPartOf\":{\"@id\":\"https:\/\/bandesoft.com\/fr\/#website\"},\"datePublished\":\"2025-07-18T07:20:05+00:00\",\"dateModified\":\"2025-08-15T15:30:55+00:00\",\"breadcrumb\":{\"@id\":\"https:\/\/bandesoft.com\/fr\/germany-2\/#breadcrumb\"},\"inLanguage\":\"fr-FR\",\"potentialAction\":[{\"@type\":\"ReadAction\",\"target\":[\"https:\/\/bandesoft.com\/fr\/germany-2\/\"]}]},{\"@type\":\"BreadcrumbList\",\"@id\":\"https:\/\/bandesoft.com\/fr\/germany-2\/#breadcrumb\",\"itemListElement\":[{\"@type\":\"ListItem\",\"position\":1,\"name\":\"Home\",\"item\":\"https:\/\/bandesoft.com\/fr\/home-fr\/\"},{\"@type\":\"ListItem\",\"position\":2,\"name\":\"Germany\"}]},{\"@type\":\"WebSite\",\"@id\":\"https:\/\/bandesoft.com\/fr\/#website\",\"url\":\"https:\/\/bandesoft.com\/fr\/\",\"name\":\"Bandesoft\",\"description\":\"\",\"potentialAction\":[{\"@type\":\"SearchAction\",\"target\":{\"@type\":\"EntryPoint\",\"urlTemplate\":\"https:\/\/bandesoft.com\/fr\/?s={search_term_string}\"},\"query-input\":{\"@type\":\"PropertyValueSpecification\",\"valueRequired\":true,\"valueName\":\"search_term_string\"}}],\"inLanguage\":\"fr-FR\"}]}<\/script>\n<!-- \/ Yoast SEO plugin. -->","yoast_head_json":{"title":"Germany - Bandesoft","robots":{"index":"index","follow":"follow","max-snippet":"max-snippet:-1","max-image-preview":"max-image-preview:large","max-video-preview":"max-video-preview:-1"},"canonical":"https:\/\/bandesoft.com\/fr\/germany-2\/","og_locale":"fr_FR","og_type":"article","og_title":"Germany - Bandesoft","og_description":"Donner \u00e0 chaque \u00e9quipe les outils pour fa\u00e7onner l&#8217;avenir Fond\u00e9e \u00e0 Essen, en Allemagne, en 2018, BandeSoft GmbH est un pilier du groupe BandeSoft, reconnu pour ses services de conseil SAP sp\u00e9cialis\u00e9s. Principalement au service d&#8217;une client\u00e8le diversifi\u00e9e en Allemagne et sur le march\u00e9 europ\u00e9en, BandeSoft GmbH s&#8217;est forg\u00e9 une solide r\u00e9putation pour ses solutions SAP compl\u00e8tes. Fond\u00e9e \u00e0 Essen, en Allemagne, en 2018, BandeSoft GmbH est un pilier du groupe BandeSoft, r\u00e9put\u00e9 pour ses services de conseil SAP sp\u00e9cialis\u00e9s. Principalement au service d&#8217;une client\u00e8le diversifi\u00e9e en Allemagne et sur le march\u00e9 europ\u00e9en, BandeSoft GmbH s&#8217;est forg\u00e9 une solide r\u00e9putation pour la fourniture de solutions SAP compl\u00e8tes. Gr\u00e2ce \u00e0 la qualit\u00e9 constante de ses services et \u00e0 son expertise approfondie des diff\u00e9rents modules SAP, dont SAP Transportation Management (TM) et SAP S\/4HANA, BandeSoft GmbH a obtenu le prestigieux statut de Partenaire SAP Silver. Cette reconnaissance souligne ses comp\u00e9tences reconnues en mati\u00e8re de d\u00e9veloppement logiciel, de mise en \u0153uvre de projets, de personnalisation de syst\u00e8mes et de conseil expert, source de valeur significative pour ses clients du secteur de la logistique et d&#8217;autres secteurs. Au-del\u00e0 de son activit\u00e9 principale de conseil SAP, BandeSoft GmbH sert \u00e9galement de tremplin \u00e0 la plateforme FDS (fd-squad.com), une solution innovante qui gagne d\u00e9j\u00e0 en popularit\u00e9 aupr\u00e8s des clients allemands. Cela d\u00e9montre l&#8217;engagement de BandeSoft GmbH non seulement \u00e0 fournir des services d&#8217;expertise, mais aussi \u00e0 d\u00e9velopper et d\u00e9ployer des solutions technologiques propri\u00e9taires. Son succ\u00e8s et ses partenariats strat\u00e9giques en Europe constituent une base solide pour l\u2019expansion mondiale du Groupe et ses projets innovants comme GloSwitch.","og_url":"https:\/\/bandesoft.com\/fr\/germany-2\/","og_site_name":"Bandesoft","article_modified_time":"2025-08-15T15:30:55+00:00","twitter_card":"summary_large_image","twitter_misc":{"Dur\u00e9e de lecture estim\u00e9e":"2 minutes"},"schema":{"@context":"https:\/\/schema.org","@graph":[{"@type":"WebPage","@id":"https:\/\/bandesoft.com\/fr\/germany-2\/","url":"https:\/\/bandesoft.com\/fr\/germany-2\/","name":"Germany - Bandesoft","isPartOf":{"@id":"https:\/\/bandesoft.com\/fr\/#website"},"datePublished":"2025-07-18T07:20:05+00:00","dateModified":"2025-08-15T15:30:55+00:00","breadcrumb":{"@id":"https:\/\/bandesoft.com\/fr\/germany-2\/#breadcrumb"},"inLanguage":"fr-FR","potentialAction":[{"@type":"ReadAction","target":["https:\/\/bandesoft.com\/fr\/germany-2\/"]}]},{"@type":"BreadcrumbList","@id":"https:\/\/bandesoft.com\/fr\/germany-2\/#breadcrumb","itemListElement":[{"@type":"ListItem","position":1,"name":"Home","item":"https:\/\/bandesoft.com\/fr\/home-fr\/"},{"@type":"ListItem","position":2,"name":"Germany"}]},{"@type":"WebSite","@id":"https:\/\/bandesoft.com\/fr\/#website","url":"https:\/\/bandesoft.com\/fr\/","name":"Bandesoft","description":"","potentialAction":[{"@type":"SearchAction","target":{"@type":"EntryPoint","urlTemplate":"https:\/\/bandesoft.com\/fr\/?s={search_term_string}"},"query-input":{"@type":"PropertyValueSpecification","valueRequired":true,"valueName":"search_term_string"}}],"inLanguage":"fr-FR"}]}},"rttpg_featured_image_url":null,"rttpg_author":{"display_name":"admin","author_link":"https:\/\/bandesoft.com\/fr\/author\/admin\/"},"rttpg_comment":0,"rttpg_category":" <a href=\"https:\/\/bandesoft.com\/fr\/\" rel=\"tag\">Fran\u00e7ais<\/a>","rttpg_excerpt":"Donner \u00e0 chaque \u00e9quipe les outils pour fa\u00e7onner l&#8217;avenir Fond\u00e9e \u00e0 Essen, en Allemagne, en 2018, BandeSoft GmbH est un pilier du groupe BandeSoft, reconnu pour ses services de conseil SAP sp\u00e9cialis\u00e9s. Principalement au service d&#8217;une client\u00e8le diversifi\u00e9e en Allemagne et sur le march\u00e9 europ\u00e9en, BandeSoft GmbH s&#8217;est forg\u00e9 une solide r\u00e9putation pour ses solutions\u2026","_links":{"self":[{"href":"https:\/\/bandesoft.com\/fr\/wp-json\/wp\/v2\/pages\/4002","targetHints":{"allow":["GET"]}}],"collection":[{"href":"https:\/\/bandesoft.com\/fr\/wp-json\/wp\/v2\/pages"}],"about":[{"href":"https:\/\/bandesoft.com\/fr\/wp-json\/wp\/v2\/types\/page"}],"author":[{"embeddable":true,"href":"https:\/\/bandesoft.com\/fr\/wp-json\/wp\/v2\/users\/1"}],"replies":[{"embeddable":true,"href":"https:\/\/bandesoft.com\/fr\/wp-json\/wp\/v2\/comments?post=4002"}],"version-history":[{"count":4,"href":"https:\/\/bandesoft.com\/fr\/wp-json\/wp\/v2\/pages\/4002\/revisions"}],"predecessor-version":[{"id":4006,"href":"https:\/\/bandesoft.com\/fr\/wp-json\/wp\/v2\/pages\/4002\/revisions\/4006"}],"wp:attachment":[{"href":"https:\/\/bandesoft.com\/fr\/wp-json\/wp\/v2\/media?parent=4002"}],"curies":[{"name":"wp","href":"https:\/\/api.w.org\/{rel}","templated":true}]}}