{"id":4007,"date":"2025-07-31T12:38:41","date_gmt":"2025-07-31T12:38:41","guid":{"rendered":"https:\/\/bandesoft.com\/?page_id=4007"},"modified":"2025-08-15T17:17:10","modified_gmt":"2025-08-15T17:17:10","slug":"bandesoft-switzerland-2","status":"publish","type":"page","link":"https:\/\/bandesoft.com\/fr\/bandesoft-switzerland-2\/","title":{"rendered":"Bandesoft Switzerland"},"content":{"rendered":"<div data-elementor-type=\"wp-page\" data-elementor-id=\"4007\" class=\"elementor elementor-4007\" data-elementor-post-type=\"page\">\n\t\t\t\t<div class=\"elementor-element elementor-element-0ff5e46 e-flex e-con-boxed wpr-particle-no wpr-jarallax-no wpr-parallax-no wpr-sticky-section-no e-con e-parent\" data-id=\"0ff5e46\" data-element_type=\"container\" data-settings=\"{&quot;background_background&quot;:&quot;classic&quot;}\">\n\t\t\t\t\t<div class=\"e-con-inner\">\n\t\t<div class=\"elementor-element elementor-element-0f36614 e-con-full e-flex wpr-particle-no wpr-jarallax-no wpr-parallax-no wpr-sticky-section-no e-con e-child\" data-id=\"0f36614\" data-element_type=\"container\">\n\t\t\t\t<div class=\"elementor-element elementor-element-ae5df35 animated-fast elementor-invisible elementor-widget elementor-widget-heading\" data-id=\"ae5df35\" data-element_type=\"widget\" data-settings=\"{&quot;_animation&quot;:&quot;fadeInUp&quot;}\" data-widget_type=\"heading.default\">\n\t\t\t\t<div class=\"elementor-widget-container\">\n\t\t\t\t\t<h2 class=\"elementor-heading-title elementor-size-default\">Donner \u00e0 chaque \u00e9quipe les outils pour fa\u00e7onner l'avenir<\/h2>\t\t\t\t<\/div>\n\t\t\t\t<\/div>\n\t\t\t\t<div class=\"elementor-element elementor-element-7cf27db elementor-invisible elementor-widget elementor-widget-text-editor\" data-id=\"7cf27db\" data-element_type=\"widget\" data-settings=\"{&quot;_animation&quot;:&quot;fadeInUp&quot;}\" data-widget_type=\"text-editor.default\">\n\t\t\t\t<div class=\"elementor-widget-container\">\n\t\t\t\t\t\t\t\t\t<p>ENAB Technologies AG est la soci\u00e9t\u00e9 m\u00e8re du groupe BandeSoft, officiellement enregistr\u00e9e \u00e0 Cham, en Suisse, le 11 juin 2025. Avec un capital social de 100\u00a0000 CHF, ENAB Technologies AG est la holding strat\u00e9gique des diverses activit\u00e9s du groupe.<\/p><p>Son objectif principal englobe le d\u00e9veloppement et le conseil en logiciels, ainsi que le d\u00e9veloppement et l&#8217;exploitation de projets de commerce \u00e9lectronique. Par ailleurs, ENAB Technologies AG propose des services de conseil et de courtage immobiliers, notamment la gestion, le d\u00e9veloppement et la commercialisation de projets immobiliers internationaux. L&#8217;entreprise est habilit\u00e9e \u00e0 cr\u00e9er des succursales et des filiales en Suisse et \u00e0 l&#8217;\u00e9tranger, \u00e0 r\u00e9aliser des op\u00e9rations financi\u00e8res et \u00e0 acqu\u00e9rir ou g\u00e9rer des biens immobiliers, refl\u00e9tant ainsi sa vaste port\u00e9e et son engagement en faveur de l&#8217;expansion et de l&#8217;innovation mondiales dans les secteurs technologique et financier.<\/p>\t\t\t\t\t\t\t\t<\/div>\n\t\t\t\t<\/div>\n\t\t\t\t<\/div>\n\t\t<div class=\"elementor-element elementor-element-97998a8 e-con-full e-flex wpr-particle-no wpr-jarallax-no wpr-parallax-no wpr-sticky-section-no e-con e-child\" data-id=\"97998a8\" data-element_type=\"container\">\n\t\t\t\t<\/div>\n\t\t\t\t\t<\/div>\n\t\t\t\t<\/div>\n\t\t\t\t<\/div>","protected":false},"excerpt":{"rendered":"<p>Donner \u00e0 chaque \u00e9quipe les outils pour fa\u00e7onner l&#8217;avenir ENAB Technologies AG est la soci\u00e9t\u00e9 m\u00e8re du groupe BandeSoft, officiellement enregistr\u00e9e \u00e0 Cham, en Suisse, le 11 juin 2025. Avec un capital social de 100\u00a0000 CHF, ENAB Technologies AG est la holding strat\u00e9gique des diverses activit\u00e9s du groupe. Son objectif principal englobe le d\u00e9veloppement et le conseil en logiciels, ainsi que le d\u00e9veloppement et l&#8217;exploitation de projets de commerce \u00e9lectronique. Par ailleurs, ENAB Technologies AG propose des services de conseil et de courtage immobiliers, notamment la gestion, le d\u00e9veloppement et la commercialisation de projets immobiliers internationaux. L&#8217;entreprise est habilit\u00e9e \u00e0 cr\u00e9er des succursales et des filiales en Suisse et \u00e0 l&#8217;\u00e9tranger, \u00e0 r\u00e9aliser des op\u00e9rations financi\u00e8res et \u00e0 acqu\u00e9rir ou g\u00e9rer des biens immobiliers, refl\u00e9tant ainsi sa vaste port\u00e9e et son engagement en faveur de l&#8217;expansion et de l&#8217;innovation mondiales dans les secteurs technologique et financier.<\/p>","protected":false},"author":1,"featured_media":0,"parent":0,"menu_order":0,"comment_status":"closed","ping_status":"closed","template":"","meta":{"footnotes":""},"class_list":["post-4007","page","type-page","status-publish","hentry"],"yoast_head":"<!-- This site is optimized with the Yoast SEO plugin v26.0 - https:\/\/yoast.com\/wordpress\/plugins\/seo\/ -->\n<title>Bandesoft Switzerland - Bandesoft<\/title>\n<meta name=\"robots\" content=\"index, follow, max-snippet:-1, max-image-preview:large, max-video-preview:-1\" \/>\n<link rel=\"canonical\" href=\"https:\/\/bandesoft.com\/fr\/bandesoft-switzerland-2\/\" \/>\n<meta property=\"og:locale\" content=\"fr_FR\" \/>\n<meta property=\"og:type\" content=\"article\" \/>\n<meta property=\"og:title\" content=\"Bandesoft Switzerland - Bandesoft\" \/>\n<meta property=\"og:description\" content=\"Donner \u00e0 chaque \u00e9quipe les outils pour fa\u00e7onner l&#8217;avenir ENAB Technologies AG est la soci\u00e9t\u00e9 m\u00e8re du groupe BandeSoft, officiellement enregistr\u00e9e \u00e0 Cham, en Suisse, le 11 juin 2025. Avec un capital social de 100\u00a0000 CHF, ENAB Technologies AG est la holding strat\u00e9gique des diverses activit\u00e9s du groupe. Son objectif principal englobe le d\u00e9veloppement et le conseil en logiciels, ainsi que le d\u00e9veloppement et l&#8217;exploitation de projets de commerce \u00e9lectronique. Par ailleurs, ENAB Technologies AG propose des services de conseil et de courtage immobiliers, notamment la gestion, le d\u00e9veloppement et la commercialisation de projets immobiliers internationaux. L&#8217;entreprise est habilit\u00e9e \u00e0 cr\u00e9er des succursales et des filiales en Suisse et \u00e0 l&#8217;\u00e9tranger, \u00e0 r\u00e9aliser des op\u00e9rations financi\u00e8res et \u00e0 acqu\u00e9rir ou g\u00e9rer des biens immobiliers, refl\u00e9tant ainsi sa vaste port\u00e9e et son engagement en faveur de l&#8217;expansion et de l&#8217;innovation mondiales dans les secteurs technologique et financier.\" \/>\n<meta property=\"og:url\" content=\"https:\/\/bandesoft.com\/fr\/bandesoft-switzerland-2\/\" \/>\n<meta property=\"og:site_name\" content=\"Bandesoft\" \/>\n<meta property=\"article:modified_time\" content=\"2025-08-15T17:17:10+00:00\" \/>\n<meta name=\"twitter:card\" content=\"summary_large_image\" \/>\n<meta name=\"twitter:label1\" content=\"Dur\u00e9e de lecture estim\u00e9e\" \/>\n\t<meta name=\"twitter:data1\" content=\"1 minute\" \/>\n<script type=\"application\/ld+json\" class=\"yoast-schema-graph\">{\"@context\":\"https:\/\/schema.org\",\"@graph\":[{\"@type\":\"WebPage\",\"@id\":\"https:\/\/bandesoft.com\/fr\/bandesoft-switzerland-2\/\",\"url\":\"https:\/\/bandesoft.com\/fr\/bandesoft-switzerland-2\/\",\"name\":\"Bandesoft Switzerland - Bandesoft\",\"isPartOf\":{\"@id\":\"https:\/\/bandesoft.com\/fr\/#website\"},\"datePublished\":\"2025-07-31T12:38:41+00:00\",\"dateModified\":\"2025-08-15T17:17:10+00:00\",\"breadcrumb\":{\"@id\":\"https:\/\/bandesoft.com\/fr\/bandesoft-switzerland-2\/#breadcrumb\"},\"inLanguage\":\"fr-FR\",\"potentialAction\":[{\"@type\":\"ReadAction\",\"target\":[\"https:\/\/bandesoft.com\/fr\/bandesoft-switzerland-2\/\"]}]},{\"@type\":\"BreadcrumbList\",\"@id\":\"https:\/\/bandesoft.com\/fr\/bandesoft-switzerland-2\/#breadcrumb\",\"itemListElement\":[{\"@type\":\"ListItem\",\"position\":1,\"name\":\"Home\",\"item\":\"https:\/\/bandesoft.com\/fr\/home-fr\/\"},{\"@type\":\"ListItem\",\"position\":2,\"name\":\"Bandesoft Switzerland\"}]},{\"@type\":\"WebSite\",\"@id\":\"https:\/\/bandesoft.com\/fr\/#website\",\"url\":\"https:\/\/bandesoft.com\/fr\/\",\"name\":\"Bandesoft\",\"description\":\"\",\"potentialAction\":[{\"@type\":\"SearchAction\",\"target\":{\"@type\":\"EntryPoint\",\"urlTemplate\":\"https:\/\/bandesoft.com\/fr\/?s={search_term_string}\"},\"query-input\":{\"@type\":\"PropertyValueSpecification\",\"valueRequired\":true,\"valueName\":\"search_term_string\"}}],\"inLanguage\":\"fr-FR\"}]}<\/script>\n<!-- \/ Yoast SEO plugin. -->","yoast_head_json":{"title":"Bandesoft Switzerland - Bandesoft","robots":{"index":"index","follow":"follow","max-snippet":"max-snippet:-1","max-image-preview":"max-image-preview:large","max-video-preview":"max-video-preview:-1"},"canonical":"https:\/\/bandesoft.com\/fr\/bandesoft-switzerland-2\/","og_locale":"fr_FR","og_type":"article","og_title":"Bandesoft Switzerland - Bandesoft","og_description":"Donner \u00e0 chaque \u00e9quipe les outils pour fa\u00e7onner l&#8217;avenir ENAB Technologies AG est la soci\u00e9t\u00e9 m\u00e8re du groupe BandeSoft, officiellement enregistr\u00e9e \u00e0 Cham, en Suisse, le 11 juin 2025. Avec un capital social de 100\u00a0000 CHF, ENAB Technologies AG est la holding strat\u00e9gique des diverses activit\u00e9s du groupe. Son objectif principal englobe le d\u00e9veloppement et le conseil en logiciels, ainsi que le d\u00e9veloppement et l&#8217;exploitation de projets de commerce \u00e9lectronique. Par ailleurs, ENAB Technologies AG propose des services de conseil et de courtage immobiliers, notamment la gestion, le d\u00e9veloppement et la commercialisation de projets immobiliers internationaux. L&#8217;entreprise est habilit\u00e9e \u00e0 cr\u00e9er des succursales et des filiales en Suisse et \u00e0 l&#8217;\u00e9tranger, \u00e0 r\u00e9aliser des op\u00e9rations financi\u00e8res et \u00e0 acqu\u00e9rir ou g\u00e9rer des biens immobiliers, refl\u00e9tant ainsi sa vaste port\u00e9e et son engagement en faveur de l&#8217;expansion et de l&#8217;innovation mondiales dans les secteurs technologique et financier.","og_url":"https:\/\/bandesoft.com\/fr\/bandesoft-switzerland-2\/","og_site_name":"Bandesoft","article_modified_time":"2025-08-15T17:17:10+00:00","twitter_card":"summary_large_image","twitter_misc":{"Dur\u00e9e de lecture estim\u00e9e":"1 minute"},"schema":{"@context":"https:\/\/schema.org","@graph":[{"@type":"WebPage","@id":"https:\/\/bandesoft.com\/fr\/bandesoft-switzerland-2\/","url":"https:\/\/bandesoft.com\/fr\/bandesoft-switzerland-2\/","name":"Bandesoft Switzerland - Bandesoft","isPartOf":{"@id":"https:\/\/bandesoft.com\/fr\/#website"},"datePublished":"2025-07-31T12:38:41+00:00","dateModified":"2025-08-15T17:17:10+00:00","breadcrumb":{"@id":"https:\/\/bandesoft.com\/fr\/bandesoft-switzerland-2\/#breadcrumb"},"inLanguage":"fr-FR","potentialAction":[{"@type":"ReadAction","target":["https:\/\/bandesoft.com\/fr\/bandesoft-switzerland-2\/"]}]},{"@type":"BreadcrumbList","@id":"https:\/\/bandesoft.com\/fr\/bandesoft-switzerland-2\/#breadcrumb","itemListElement":[{"@type":"ListItem","position":1,"name":"Home","item":"https:\/\/bandesoft.com\/fr\/home-fr\/"},{"@type":"ListItem","position":2,"name":"Bandesoft Switzerland"}]},{"@type":"WebSite","@id":"https:\/\/bandesoft.com\/fr\/#website","url":"https:\/\/bandesoft.com\/fr\/","name":"Bandesoft","description":"","potentialAction":[{"@type":"SearchAction","target":{"@type":"EntryPoint","urlTemplate":"https:\/\/bandesoft.com\/fr\/?s={search_term_string}"},"query-input":{"@type":"PropertyValueSpecification","valueRequired":true,"valueName":"search_term_string"}}],"inLanguage":"fr-FR"}]}},"rttpg_featured_image_url":null,"rttpg_author":{"display_name":"admin","author_link":"https:\/\/bandesoft.com\/fr\/author\/admin\/"},"rttpg_comment":0,"rttpg_category":" <a href=\"https:\/\/bandesoft.com\/fr\/\" rel=\"tag\">Fran\u00e7ais<\/a>","rttpg_excerpt":"Donner \u00e0 chaque \u00e9quipe les outils pour fa\u00e7onner l&#8217;avenir ENAB Technologies AG est la soci\u00e9t\u00e9 m\u00e8re du groupe BandeSoft, officiellement enregistr\u00e9e \u00e0 Cham, en Suisse, le 11 juin 2025. Avec un capital social de 100\u00a0000 CHF, ENAB Technologies AG est la holding strat\u00e9gique des diverses activit\u00e9s du groupe. Son objectif principal englobe le d\u00e9veloppement et\u2026","_links":{"self":[{"href":"https:\/\/bandesoft.com\/fr\/wp-json\/wp\/v2\/pages\/4007","targetHints":{"allow":["GET"]}}],"collection":[{"href":"https:\/\/bandesoft.com\/fr\/wp-json\/wp\/v2\/pages"}],"about":[{"href":"https:\/\/bandesoft.com\/fr\/wp-json\/wp\/v2\/types\/page"}],"author":[{"embeddable":true,"href":"https:\/\/bandesoft.com\/fr\/wp-json\/wp\/v2\/users\/1"}],"replies":[{"embeddable":true,"href":"https:\/\/bandesoft.com\/fr\/wp-json\/wp\/v2\/comments?post=4007"}],"version-history":[{"count":4,"href":"https:\/\/bandesoft.com\/fr\/wp-json\/wp\/v2\/pages\/4007\/revisions"}],"predecessor-version":[{"id":4011,"href":"https:\/\/bandesoft.com\/fr\/wp-json\/wp\/v2\/pages\/4007\/revisions\/4011"}],"wp:attachment":[{"href":"https:\/\/bandesoft.com\/fr\/wp-json\/wp\/v2\/media?parent=4007"}],"curies":[{"name":"wp","href":"https:\/\/api.w.org\/{rel}","templated":true}]}}