{"id":4012,"date":"2025-07-31T12:36:02","date_gmt":"2025-07-31T12:36:02","guid":{"rendered":"https:\/\/bandesoft.com\/?page_id=4012"},"modified":"2025-08-15T17:20:37","modified_gmt":"2025-08-15T17:20:37","slug":"bandesoft-cameroon-2","status":"publish","type":"page","link":"https:\/\/bandesoft.com\/fr\/bandesoft-cameroon-2\/","title":{"rendered":"BandeSoft &#8211; Cameroon"},"content":{"rendered":"<div data-elementor-type=\"wp-page\" data-elementor-id=\"4012\" class=\"elementor elementor-4012\" data-elementor-post-type=\"page\">\n\t\t\t\t<div class=\"elementor-element elementor-element-81e634c e-flex e-con-boxed wpr-particle-no wpr-jarallax-no wpr-parallax-no wpr-sticky-section-no e-con e-parent\" data-id=\"81e634c\" data-element_type=\"container\" data-settings=\"{&quot;background_background&quot;:&quot;classic&quot;}\">\n\t\t\t\t\t<div class=\"e-con-inner\">\n\t\t<div class=\"elementor-element elementor-element-8017381 e-con-full e-flex wpr-particle-no wpr-jarallax-no wpr-parallax-no wpr-sticky-section-no e-con e-child\" data-id=\"8017381\" data-element_type=\"container\">\n\t\t\t\t<div class=\"elementor-element elementor-element-9eab713 animated-fast elementor-invisible elementor-widget elementor-widget-heading\" data-id=\"9eab713\" data-element_type=\"widget\" data-settings=\"{&quot;_animation&quot;:&quot;fadeInUp&quot;}\" data-widget_type=\"heading.default\">\n\t\t\t\t<div class=\"elementor-widget-container\">\n\t\t\t\t\t<h2 class=\"elementor-heading-title elementor-size-default\">Favoriser l'innovation locale. Proposer des solutions mondiales.<\/h2>\t\t\t\t<\/div>\n\t\t\t\t<\/div>\n\t\t\t\t<div class=\"elementor-element elementor-element-f533c1d elementor-invisible elementor-widget elementor-widget-text-editor\" data-id=\"f533c1d\" data-element_type=\"widget\" data-settings=\"{&quot;_animation&quot;:&quot;fadeInUp&quot;}\" data-widget_type=\"text-editor.default\">\n\t\t\t\t<div class=\"elementor-widget-container\">\n\t\t\t\t\t\t\t\t\t<p>BandeSoft Ltd. (Cameroun) est une soci\u00e9t\u00e9 \u00e0 responsabilit\u00e9 limit\u00e9e officiellement enregistr\u00e9e au Cameroun le 17 avril 2023, dont le si\u00e8ge social est situ\u00e9 \u00e0 Yaound\u00e9. Entit\u00e9 cl\u00e9 du groupe BandeSoft, cette immatriculation camerounaise marque une expansion strat\u00e9gique sur le march\u00e9 africain, visant notamment \u00e0 devenir une plateforme centrale pour les op\u00e9rations dans les pays d&#8217;Afrique centrale.<\/p><p>Ses principales activit\u00e9s comprennent le d\u00e9veloppement de logiciels, notamment d&#8217;applications et de produits pour la gestion des transports, le conseil en traitement de donn\u00e9es, les technologies financi\u00e8res (Fintech) et le commerce \u00e9lectronique. BandeSoft Ltd. (Cameroun) sert de base op\u00e9rationnelle \u00e0 la solution fintech innovante GloSwitch, s&#8217;appuyant sur une connaissance approfondie du march\u00e9 local et une solide expertise technologique pour favoriser l&#8217;inclusion financi\u00e8re et la transformation num\u00e9rique dans la r\u00e9gion et sur le continent.<\/p>\t\t\t\t\t\t\t\t<\/div>\n\t\t\t\t<\/div>\n\t\t\t\t<\/div>\n\t\t<div class=\"elementor-element elementor-element-b47841b e-con-full e-flex wpr-particle-no wpr-jarallax-no wpr-parallax-no wpr-sticky-section-no e-con e-child\" data-id=\"b47841b\" data-element_type=\"container\">\n\t\t\t\t<\/div>\n\t\t\t\t\t<\/div>\n\t\t\t\t<\/div>\n\t\t\t\t<\/div>","protected":false},"excerpt":{"rendered":"<p>Favoriser l&#8217;innovation locale. Proposer des solutions mondiales. BandeSoft Ltd. (Cameroun) est une soci\u00e9t\u00e9 \u00e0 responsabilit\u00e9 limit\u00e9e officiellement enregistr\u00e9e au Cameroun le 17 avril 2023, dont le si\u00e8ge social est situ\u00e9 \u00e0 Yaound\u00e9. Entit\u00e9 cl\u00e9 du groupe BandeSoft, cette immatriculation camerounaise marque une expansion strat\u00e9gique sur le march\u00e9 africain, visant notamment \u00e0 devenir une plateforme centrale pour les op\u00e9rations dans les pays d&#8217;Afrique centrale. Ses principales activit\u00e9s comprennent le d\u00e9veloppement de logiciels, notamment d&#8217;applications et de produits pour la gestion des transports, le conseil en traitement de donn\u00e9es, les technologies financi\u00e8res (Fintech) et le commerce \u00e9lectronique. BandeSoft Ltd. (Cameroun) sert de base op\u00e9rationnelle \u00e0 la solution fintech innovante GloSwitch, s&#8217;appuyant sur une connaissance approfondie du march\u00e9 local et une solide expertise technologique pour favoriser l&#8217;inclusion financi\u00e8re et la transformation num\u00e9rique dans la r\u00e9gion et sur le continent.<\/p>","protected":false},"author":1,"featured_media":0,"parent":0,"menu_order":0,"comment_status":"closed","ping_status":"closed","template":"","meta":{"footnotes":""},"class_list":["post-4012","page","type-page","status-publish","hentry"],"yoast_head":"<!-- This site is optimized with the Yoast SEO plugin v26.0 - https:\/\/yoast.com\/wordpress\/plugins\/seo\/ -->\n<title>BandeSoft - Cameroon - Bandesoft<\/title>\n<meta name=\"robots\" content=\"index, follow, max-snippet:-1, max-image-preview:large, max-video-preview:-1\" \/>\n<link rel=\"canonical\" href=\"https:\/\/bandesoft.com\/fr\/bandesoft-cameroon-2\/\" \/>\n<meta property=\"og:locale\" content=\"fr_FR\" \/>\n<meta property=\"og:type\" content=\"article\" \/>\n<meta property=\"og:title\" content=\"BandeSoft - Cameroon - Bandesoft\" \/>\n<meta property=\"og:description\" content=\"Favoriser l&#8217;innovation locale. Proposer des solutions mondiales. BandeSoft Ltd. (Cameroun) est une soci\u00e9t\u00e9 \u00e0 responsabilit\u00e9 limit\u00e9e officiellement enregistr\u00e9e au Cameroun le 17 avril 2023, dont le si\u00e8ge social est situ\u00e9 \u00e0 Yaound\u00e9. Entit\u00e9 cl\u00e9 du groupe BandeSoft, cette immatriculation camerounaise marque une expansion strat\u00e9gique sur le march\u00e9 africain, visant notamment \u00e0 devenir une plateforme centrale pour les op\u00e9rations dans les pays d&#8217;Afrique centrale. Ses principales activit\u00e9s comprennent le d\u00e9veloppement de logiciels, notamment d&#8217;applications et de produits pour la gestion des transports, le conseil en traitement de donn\u00e9es, les technologies financi\u00e8res (Fintech) et le commerce \u00e9lectronique. BandeSoft Ltd. (Cameroun) sert de base op\u00e9rationnelle \u00e0 la solution fintech innovante GloSwitch, s&#8217;appuyant sur une connaissance approfondie du march\u00e9 local et une solide expertise technologique pour favoriser l&#8217;inclusion financi\u00e8re et la transformation num\u00e9rique dans la r\u00e9gion et sur le continent.\" \/>\n<meta property=\"og:url\" content=\"https:\/\/bandesoft.com\/fr\/bandesoft-cameroon-2\/\" \/>\n<meta property=\"og:site_name\" content=\"Bandesoft\" \/>\n<meta property=\"article:modified_time\" content=\"2025-08-15T17:20:37+00:00\" \/>\n<meta name=\"twitter:card\" content=\"summary_large_image\" \/>\n<meta name=\"twitter:label1\" content=\"Dur\u00e9e de lecture estim\u00e9e\" \/>\n\t<meta name=\"twitter:data1\" content=\"1 minute\" \/>\n<script type=\"application\/ld+json\" class=\"yoast-schema-graph\">{\"@context\":\"https:\/\/schema.org\",\"@graph\":[{\"@type\":\"WebPage\",\"@id\":\"https:\/\/bandesoft.com\/fr\/bandesoft-cameroon-2\/\",\"url\":\"https:\/\/bandesoft.com\/fr\/bandesoft-cameroon-2\/\",\"name\":\"BandeSoft - Cameroon - Bandesoft\",\"isPartOf\":{\"@id\":\"https:\/\/bandesoft.com\/fr\/#website\"},\"datePublished\":\"2025-07-31T12:36:02+00:00\",\"dateModified\":\"2025-08-15T17:20:37+00:00\",\"breadcrumb\":{\"@id\":\"https:\/\/bandesoft.com\/fr\/bandesoft-cameroon-2\/#breadcrumb\"},\"inLanguage\":\"fr-FR\",\"potentialAction\":[{\"@type\":\"ReadAction\",\"target\":[\"https:\/\/bandesoft.com\/fr\/bandesoft-cameroon-2\/\"]}]},{\"@type\":\"BreadcrumbList\",\"@id\":\"https:\/\/bandesoft.com\/fr\/bandesoft-cameroon-2\/#breadcrumb\",\"itemListElement\":[{\"@type\":\"ListItem\",\"position\":1,\"name\":\"Home\",\"item\":\"https:\/\/bandesoft.com\/fr\/home-fr\/\"},{\"@type\":\"ListItem\",\"position\":2,\"name\":\"BandeSoft &#8211; Cameroon\"}]},{\"@type\":\"WebSite\",\"@id\":\"https:\/\/bandesoft.com\/fr\/#website\",\"url\":\"https:\/\/bandesoft.com\/fr\/\",\"name\":\"Bandesoft\",\"description\":\"\",\"potentialAction\":[{\"@type\":\"SearchAction\",\"target\":{\"@type\":\"EntryPoint\",\"urlTemplate\":\"https:\/\/bandesoft.com\/fr\/?s={search_term_string}\"},\"query-input\":{\"@type\":\"PropertyValueSpecification\",\"valueRequired\":true,\"valueName\":\"search_term_string\"}}],\"inLanguage\":\"fr-FR\"}]}<\/script>\n<!-- \/ Yoast SEO plugin. -->","yoast_head_json":{"title":"BandeSoft - Cameroon - Bandesoft","robots":{"index":"index","follow":"follow","max-snippet":"max-snippet:-1","max-image-preview":"max-image-preview:large","max-video-preview":"max-video-preview:-1"},"canonical":"https:\/\/bandesoft.com\/fr\/bandesoft-cameroon-2\/","og_locale":"fr_FR","og_type":"article","og_title":"BandeSoft - Cameroon - Bandesoft","og_description":"Favoriser l&#8217;innovation locale. Proposer des solutions mondiales. BandeSoft Ltd. (Cameroun) est une soci\u00e9t\u00e9 \u00e0 responsabilit\u00e9 limit\u00e9e officiellement enregistr\u00e9e au Cameroun le 17 avril 2023, dont le si\u00e8ge social est situ\u00e9 \u00e0 Yaound\u00e9. Entit\u00e9 cl\u00e9 du groupe BandeSoft, cette immatriculation camerounaise marque une expansion strat\u00e9gique sur le march\u00e9 africain, visant notamment \u00e0 devenir une plateforme centrale pour les op\u00e9rations dans les pays d&#8217;Afrique centrale. Ses principales activit\u00e9s comprennent le d\u00e9veloppement de logiciels, notamment d&#8217;applications et de produits pour la gestion des transports, le conseil en traitement de donn\u00e9es, les technologies financi\u00e8res (Fintech) et le commerce \u00e9lectronique. BandeSoft Ltd. (Cameroun) sert de base op\u00e9rationnelle \u00e0 la solution fintech innovante GloSwitch, s&#8217;appuyant sur une connaissance approfondie du march\u00e9 local et une solide expertise technologique pour favoriser l&#8217;inclusion financi\u00e8re et la transformation num\u00e9rique dans la r\u00e9gion et sur le continent.","og_url":"https:\/\/bandesoft.com\/fr\/bandesoft-cameroon-2\/","og_site_name":"Bandesoft","article_modified_time":"2025-08-15T17:20:37+00:00","twitter_card":"summary_large_image","twitter_misc":{"Dur\u00e9e de lecture estim\u00e9e":"1 minute"},"schema":{"@context":"https:\/\/schema.org","@graph":[{"@type":"WebPage","@id":"https:\/\/bandesoft.com\/fr\/bandesoft-cameroon-2\/","url":"https:\/\/bandesoft.com\/fr\/bandesoft-cameroon-2\/","name":"BandeSoft - Cameroon - Bandesoft","isPartOf":{"@id":"https:\/\/bandesoft.com\/fr\/#website"},"datePublished":"2025-07-31T12:36:02+00:00","dateModified":"2025-08-15T17:20:37+00:00","breadcrumb":{"@id":"https:\/\/bandesoft.com\/fr\/bandesoft-cameroon-2\/#breadcrumb"},"inLanguage":"fr-FR","potentialAction":[{"@type":"ReadAction","target":["https:\/\/bandesoft.com\/fr\/bandesoft-cameroon-2\/"]}]},{"@type":"BreadcrumbList","@id":"https:\/\/bandesoft.com\/fr\/bandesoft-cameroon-2\/#breadcrumb","itemListElement":[{"@type":"ListItem","position":1,"name":"Home","item":"https:\/\/bandesoft.com\/fr\/home-fr\/"},{"@type":"ListItem","position":2,"name":"BandeSoft &#8211; Cameroon"}]},{"@type":"WebSite","@id":"https:\/\/bandesoft.com\/fr\/#website","url":"https:\/\/bandesoft.com\/fr\/","name":"Bandesoft","description":"","potentialAction":[{"@type":"SearchAction","target":{"@type":"EntryPoint","urlTemplate":"https:\/\/bandesoft.com\/fr\/?s={search_term_string}"},"query-input":{"@type":"PropertyValueSpecification","valueRequired":true,"valueName":"search_term_string"}}],"inLanguage":"fr-FR"}]}},"rttpg_featured_image_url":null,"rttpg_author":{"display_name":"admin","author_link":"https:\/\/bandesoft.com\/fr\/author\/admin\/"},"rttpg_comment":0,"rttpg_category":" <a href=\"https:\/\/bandesoft.com\/fr\/\" rel=\"tag\">Fran\u00e7ais<\/a>","rttpg_excerpt":"Favoriser l&#8217;innovation locale. Proposer des solutions mondiales. BandeSoft Ltd. (Cameroun) est une soci\u00e9t\u00e9 \u00e0 responsabilit\u00e9 limit\u00e9e officiellement enregistr\u00e9e au Cameroun le 17 avril 2023, dont le si\u00e8ge social est situ\u00e9 \u00e0 Yaound\u00e9. Entit\u00e9 cl\u00e9 du groupe BandeSoft, cette immatriculation camerounaise marque une expansion strat\u00e9gique sur le march\u00e9 africain, visant notamment \u00e0 devenir une plateforme centrale\u2026","_links":{"self":[{"href":"https:\/\/bandesoft.com\/fr\/wp-json\/wp\/v2\/pages\/4012","targetHints":{"allow":["GET"]}}],"collection":[{"href":"https:\/\/bandesoft.com\/fr\/wp-json\/wp\/v2\/pages"}],"about":[{"href":"https:\/\/bandesoft.com\/fr\/wp-json\/wp\/v2\/types\/page"}],"author":[{"embeddable":true,"href":"https:\/\/bandesoft.com\/fr\/wp-json\/wp\/v2\/users\/1"}],"replies":[{"embeddable":true,"href":"https:\/\/bandesoft.com\/fr\/wp-json\/wp\/v2\/comments?post=4012"}],"version-history":[{"count":4,"href":"https:\/\/bandesoft.com\/fr\/wp-json\/wp\/v2\/pages\/4012\/revisions"}],"predecessor-version":[{"id":4016,"href":"https:\/\/bandesoft.com\/fr\/wp-json\/wp\/v2\/pages\/4012\/revisions\/4016"}],"wp:attachment":[{"href":"https:\/\/bandesoft.com\/fr\/wp-json\/wp\/v2\/media?parent=4012"}],"curies":[{"name":"wp","href":"https:\/\/api.w.org\/{rel}","templated":true}]}}