{"id":4018,"date":"2025-07-31T12:30:07","date_gmt":"2025-07-31T12:30:07","guid":{"rendered":"https:\/\/bandesoft.com\/?page_id=4018"},"modified":"2025-08-15T17:23:07","modified_gmt":"2025-08-15T17:23:07","slug":"bandesoft-ghana-2","status":"publish","type":"page","link":"https:\/\/bandesoft.com\/fr\/bandesoft-ghana-2\/","title":{"rendered":"BandeSoft Ghana"},"content":{"rendered":"<div data-elementor-type=\"wp-page\" data-elementor-id=\"4018\" class=\"elementor elementor-4018\" data-elementor-post-type=\"page\">\n\t\t\t\t<div class=\"elementor-element elementor-element-2de0bad e-flex e-con-boxed wpr-particle-no wpr-jarallax-no wpr-parallax-no wpr-sticky-section-no e-con e-parent\" data-id=\"2de0bad\" data-element_type=\"container\" data-settings=\"{&quot;background_background&quot;:&quot;classic&quot;}\">\n\t\t\t\t\t<div class=\"e-con-inner\">\n\t\t<div class=\"elementor-element elementor-element-7fa494d e-con-full e-flex wpr-particle-no wpr-jarallax-no wpr-parallax-no wpr-sticky-section-no e-con e-child\" data-id=\"7fa494d\" data-element_type=\"container\">\n\t\t\t\t<div class=\"elementor-element elementor-element-54d8ec0 animated-fast elementor-invisible elementor-widget elementor-widget-heading\" data-id=\"54d8ec0\" data-element_type=\"widget\" data-settings=\"{&quot;_animation&quot;:&quot;fadeInUp&quot;}\" data-widget_type=\"heading.default\">\n\t\t\t\t<div class=\"elementor-widget-container\">\n\t\t\t\t\t<h2 class=\"elementor-heading-title elementor-size-default\">Favoriser l'innovation locale. Proposer des solutions mondiales.<\/h2>\t\t\t\t<\/div>\n\t\t\t\t<\/div>\n\t\t\t\t<div class=\"elementor-element elementor-element-e304759 elementor-invisible elementor-widget elementor-widget-text-editor\" data-id=\"e304759\" data-element_type=\"widget\" data-settings=\"{&quot;_animation&quot;:&quot;fadeInUp&quot;}\" data-widget_type=\"text-editor.default\">\n\t\t\t\t<div class=\"elementor-widget-container\">\n\t\t\t\t\t\t\t\t\t<p>BandeTechnology est la toute derni\u00e8re expansion strat\u00e9gique du groupe BandeSoft, officiellement enregistr\u00e9 au Ghana le 10 avril 2025. Cette acquisition marque une \u00e9tape importante dans l&#8217;engagement de BandeSoft \u00e0 \u00e9tendre ses solutions num\u00e9riques innovantes et ses initiatives d&#8217;inclusion financi\u00e8re \u00e0 toute l&#8217;Afrique. En tant qu&#8217;entit\u00e9 ghan\u00e9enne, BandeTechnology constituera une plateforme essentielle pour les op\u00e9rations du groupe en Afrique de l&#8217;Ouest, notamment pour soutenir le d\u00e9ploiement et la localisation de la solution fintech GloSwitch. Son objectif est de tirer parti du dynamisme de l&#8217;\u00e9cosyst\u00e8me technologique ghan\u00e9en et de la croissance de l&#8217;\u00e9conomie num\u00e9rique pour fournir des services technologiques de pointe et contribuer \u00e0 la transformation num\u00e9rique de la r\u00e9gion.<\/p>\t\t\t\t\t\t\t\t<\/div>\n\t\t\t\t<\/div>\n\t\t\t\t<\/div>\n\t\t<div class=\"elementor-element elementor-element-4fbc2df e-con-full e-flex wpr-particle-no wpr-jarallax-no wpr-parallax-no wpr-sticky-section-no e-con e-child\" data-id=\"4fbc2df\" data-element_type=\"container\">\n\t\t\t\t<\/div>\n\t\t\t\t\t<\/div>\n\t\t\t\t<\/div>\n\t\t\t\t<\/div>","protected":false},"excerpt":{"rendered":"<p>Favoriser l&#8217;innovation locale. Proposer des solutions mondiales. BandeTechnology est la toute derni\u00e8re expansion strat\u00e9gique du groupe BandeSoft, officiellement enregistr\u00e9 au Ghana le 10 avril 2025. Cette acquisition marque une \u00e9tape importante dans l&#8217;engagement de BandeSoft \u00e0 \u00e9tendre ses solutions num\u00e9riques innovantes et ses initiatives d&#8217;inclusion financi\u00e8re \u00e0 toute l&#8217;Afrique. En tant qu&#8217;entit\u00e9 ghan\u00e9enne, BandeTechnology constituera une plateforme essentielle pour les op\u00e9rations du groupe en Afrique de l&#8217;Ouest, notamment pour soutenir le d\u00e9ploiement et la localisation de la solution fintech GloSwitch. Son objectif est de tirer parti du dynamisme de l&#8217;\u00e9cosyst\u00e8me technologique ghan\u00e9en et de la croissance de l&#8217;\u00e9conomie num\u00e9rique pour fournir des services technologiques de pointe et contribuer \u00e0 la transformation num\u00e9rique de la r\u00e9gion.<\/p>","protected":false},"author":1,"featured_media":0,"parent":0,"menu_order":0,"comment_status":"closed","ping_status":"closed","template":"","meta":{"footnotes":""},"class_list":["post-4018","page","type-page","status-publish","hentry"],"yoast_head":"<!-- This site is optimized with the Yoast SEO plugin v26.0 - https:\/\/yoast.com\/wordpress\/plugins\/seo\/ -->\n<title>BandeSoft Ghana - Bandesoft<\/title>\n<meta name=\"robots\" content=\"index, follow, max-snippet:-1, max-image-preview:large, max-video-preview:-1\" \/>\n<link rel=\"canonical\" href=\"https:\/\/bandesoft.com\/fr\/bandesoft-ghana-2\/\" \/>\n<meta property=\"og:locale\" content=\"fr_FR\" \/>\n<meta property=\"og:type\" content=\"article\" \/>\n<meta property=\"og:title\" content=\"BandeSoft Ghana - Bandesoft\" \/>\n<meta property=\"og:description\" content=\"Favoriser l&#8217;innovation locale. Proposer des solutions mondiales. BandeTechnology est la toute derni\u00e8re expansion strat\u00e9gique du groupe BandeSoft, officiellement enregistr\u00e9 au Ghana le 10 avril 2025. Cette acquisition marque une \u00e9tape importante dans l&#8217;engagement de BandeSoft \u00e0 \u00e9tendre ses solutions num\u00e9riques innovantes et ses initiatives d&#8217;inclusion financi\u00e8re \u00e0 toute l&#8217;Afrique. En tant qu&#8217;entit\u00e9 ghan\u00e9enne, BandeTechnology constituera une plateforme essentielle pour les op\u00e9rations du groupe en Afrique de l&#8217;Ouest, notamment pour soutenir le d\u00e9ploiement et la localisation de la solution fintech GloSwitch. Son objectif est de tirer parti du dynamisme de l&#8217;\u00e9cosyst\u00e8me technologique ghan\u00e9en et de la croissance de l&#8217;\u00e9conomie num\u00e9rique pour fournir des services technologiques de pointe et contribuer \u00e0 la transformation num\u00e9rique de la r\u00e9gion.\" \/>\n<meta property=\"og:url\" content=\"https:\/\/bandesoft.com\/fr\/bandesoft-ghana-2\/\" \/>\n<meta property=\"og:site_name\" content=\"Bandesoft\" \/>\n<meta property=\"article:modified_time\" content=\"2025-08-15T17:23:07+00:00\" \/>\n<meta name=\"twitter:card\" content=\"summary_large_image\" \/>\n<meta name=\"twitter:label1\" content=\"Dur\u00e9e de lecture estim\u00e9e\" \/>\n\t<meta name=\"twitter:data1\" content=\"1 minute\" \/>\n<script type=\"application\/ld+json\" class=\"yoast-schema-graph\">{\"@context\":\"https:\/\/schema.org\",\"@graph\":[{\"@type\":\"WebPage\",\"@id\":\"https:\/\/bandesoft.com\/fr\/bandesoft-ghana-2\/\",\"url\":\"https:\/\/bandesoft.com\/fr\/bandesoft-ghana-2\/\",\"name\":\"BandeSoft Ghana - Bandesoft\",\"isPartOf\":{\"@id\":\"https:\/\/bandesoft.com\/fr\/#website\"},\"datePublished\":\"2025-07-31T12:30:07+00:00\",\"dateModified\":\"2025-08-15T17:23:07+00:00\",\"breadcrumb\":{\"@id\":\"https:\/\/bandesoft.com\/fr\/bandesoft-ghana-2\/#breadcrumb\"},\"inLanguage\":\"fr-FR\",\"potentialAction\":[{\"@type\":\"ReadAction\",\"target\":[\"https:\/\/bandesoft.com\/fr\/bandesoft-ghana-2\/\"]}]},{\"@type\":\"BreadcrumbList\",\"@id\":\"https:\/\/bandesoft.com\/fr\/bandesoft-ghana-2\/#breadcrumb\",\"itemListElement\":[{\"@type\":\"ListItem\",\"position\":1,\"name\":\"Home\",\"item\":\"https:\/\/bandesoft.com\/fr\/home-fr\/\"},{\"@type\":\"ListItem\",\"position\":2,\"name\":\"BandeSoft Ghana\"}]},{\"@type\":\"WebSite\",\"@id\":\"https:\/\/bandesoft.com\/fr\/#website\",\"url\":\"https:\/\/bandesoft.com\/fr\/\",\"name\":\"Bandesoft\",\"description\":\"\",\"potentialAction\":[{\"@type\":\"SearchAction\",\"target\":{\"@type\":\"EntryPoint\",\"urlTemplate\":\"https:\/\/bandesoft.com\/fr\/?s={search_term_string}\"},\"query-input\":{\"@type\":\"PropertyValueSpecification\",\"valueRequired\":true,\"valueName\":\"search_term_string\"}}],\"inLanguage\":\"fr-FR\"}]}<\/script>\n<!-- \/ Yoast SEO plugin. -->","yoast_head_json":{"title":"BandeSoft Ghana - Bandesoft","robots":{"index":"index","follow":"follow","max-snippet":"max-snippet:-1","max-image-preview":"max-image-preview:large","max-video-preview":"max-video-preview:-1"},"canonical":"https:\/\/bandesoft.com\/fr\/bandesoft-ghana-2\/","og_locale":"fr_FR","og_type":"article","og_title":"BandeSoft Ghana - Bandesoft","og_description":"Favoriser l&#8217;innovation locale. Proposer des solutions mondiales. BandeTechnology est la toute derni\u00e8re expansion strat\u00e9gique du groupe BandeSoft, officiellement enregistr\u00e9 au Ghana le 10 avril 2025. Cette acquisition marque une \u00e9tape importante dans l&#8217;engagement de BandeSoft \u00e0 \u00e9tendre ses solutions num\u00e9riques innovantes et ses initiatives d&#8217;inclusion financi\u00e8re \u00e0 toute l&#8217;Afrique. En tant qu&#8217;entit\u00e9 ghan\u00e9enne, BandeTechnology constituera une plateforme essentielle pour les op\u00e9rations du groupe en Afrique de l&#8217;Ouest, notamment pour soutenir le d\u00e9ploiement et la localisation de la solution fintech GloSwitch. Son objectif est de tirer parti du dynamisme de l&#8217;\u00e9cosyst\u00e8me technologique ghan\u00e9en et de la croissance de l&#8217;\u00e9conomie num\u00e9rique pour fournir des services technologiques de pointe et contribuer \u00e0 la transformation num\u00e9rique de la r\u00e9gion.","og_url":"https:\/\/bandesoft.com\/fr\/bandesoft-ghana-2\/","og_site_name":"Bandesoft","article_modified_time":"2025-08-15T17:23:07+00:00","twitter_card":"summary_large_image","twitter_misc":{"Dur\u00e9e de lecture estim\u00e9e":"1 minute"},"schema":{"@context":"https:\/\/schema.org","@graph":[{"@type":"WebPage","@id":"https:\/\/bandesoft.com\/fr\/bandesoft-ghana-2\/","url":"https:\/\/bandesoft.com\/fr\/bandesoft-ghana-2\/","name":"BandeSoft Ghana - Bandesoft","isPartOf":{"@id":"https:\/\/bandesoft.com\/fr\/#website"},"datePublished":"2025-07-31T12:30:07+00:00","dateModified":"2025-08-15T17:23:07+00:00","breadcrumb":{"@id":"https:\/\/bandesoft.com\/fr\/bandesoft-ghana-2\/#breadcrumb"},"inLanguage":"fr-FR","potentialAction":[{"@type":"ReadAction","target":["https:\/\/bandesoft.com\/fr\/bandesoft-ghana-2\/"]}]},{"@type":"BreadcrumbList","@id":"https:\/\/bandesoft.com\/fr\/bandesoft-ghana-2\/#breadcrumb","itemListElement":[{"@type":"ListItem","position":1,"name":"Home","item":"https:\/\/bandesoft.com\/fr\/home-fr\/"},{"@type":"ListItem","position":2,"name":"BandeSoft Ghana"}]},{"@type":"WebSite","@id":"https:\/\/bandesoft.com\/fr\/#website","url":"https:\/\/bandesoft.com\/fr\/","name":"Bandesoft","description":"","potentialAction":[{"@type":"SearchAction","target":{"@type":"EntryPoint","urlTemplate":"https:\/\/bandesoft.com\/fr\/?s={search_term_string}"},"query-input":{"@type":"PropertyValueSpecification","valueRequired":true,"valueName":"search_term_string"}}],"inLanguage":"fr-FR"}]}},"rttpg_featured_image_url":null,"rttpg_author":{"display_name":"admin","author_link":"https:\/\/bandesoft.com\/fr\/author\/admin\/"},"rttpg_comment":0,"rttpg_category":" <a href=\"https:\/\/bandesoft.com\/fr\/\" rel=\"tag\">Fran\u00e7ais<\/a>","rttpg_excerpt":"Favoriser l&#8217;innovation locale. Proposer des solutions mondiales. BandeTechnology est la toute derni\u00e8re expansion strat\u00e9gique du groupe BandeSoft, officiellement enregistr\u00e9 au Ghana le 10 avril 2025. Cette acquisition marque une \u00e9tape importante dans l&#8217;engagement de BandeSoft \u00e0 \u00e9tendre ses solutions num\u00e9riques innovantes et ses initiatives d&#8217;inclusion financi\u00e8re \u00e0 toute l&#8217;Afrique. En tant qu&#8217;entit\u00e9 ghan\u00e9enne, BandeTechnology constituera\u2026","_links":{"self":[{"href":"https:\/\/bandesoft.com\/fr\/wp-json\/wp\/v2\/pages\/4018","targetHints":{"allow":["GET"]}}],"collection":[{"href":"https:\/\/bandesoft.com\/fr\/wp-json\/wp\/v2\/pages"}],"about":[{"href":"https:\/\/bandesoft.com\/fr\/wp-json\/wp\/v2\/types\/page"}],"author":[{"embeddable":true,"href":"https:\/\/bandesoft.com\/fr\/wp-json\/wp\/v2\/users\/1"}],"replies":[{"embeddable":true,"href":"https:\/\/bandesoft.com\/fr\/wp-json\/wp\/v2\/comments?post=4018"}],"version-history":[{"count":4,"href":"https:\/\/bandesoft.com\/fr\/wp-json\/wp\/v2\/pages\/4018\/revisions"}],"predecessor-version":[{"id":4022,"href":"https:\/\/bandesoft.com\/fr\/wp-json\/wp\/v2\/pages\/4018\/revisions\/4022"}],"wp:attachment":[{"href":"https:\/\/bandesoft.com\/fr\/wp-json\/wp\/v2\/media?parent=4018"}],"curies":[{"name":"wp","href":"https:\/\/api.w.org\/{rel}","templated":true}]}}