{"id":4042,"date":"2025-07-24T10:41:20","date_gmt":"2025-07-24T10:41:20","guid":{"rendered":"https:\/\/bandesoft.com\/?page_id=4042"},"modified":"2025-08-15T17:59:04","modified_gmt":"2025-08-15T17:59:04","slug":"fds-2","status":"publish","type":"page","link":"https:\/\/bandesoft.com\/fr\/fds-2\/","title":{"rendered":"FDS"},"content":{"rendered":"<div data-elementor-type=\"wp-page\" data-elementor-id=\"4042\" class=\"elementor elementor-4042\" data-elementor-post-type=\"page\">\n\t\t\t\t<div class=\"elementor-element elementor-element-e7fc934 e-con-full e-flex wpr-particle-no wpr-jarallax-no wpr-parallax-no wpr-sticky-section-no e-con e-parent\" data-id=\"e7fc934\" data-element_type=\"container\" data-settings=\"{&quot;background_background&quot;:&quot;classic&quot;}\">\n\t\t<div class=\"elementor-element elementor-element-b310240 e-con-full e-flex wpr-particle-no wpr-jarallax-no wpr-parallax-no wpr-sticky-section-no e-con e-child\" data-id=\"b310240\" data-element_type=\"container\" data-settings=\"{&quot;background_background&quot;:&quot;classic&quot;}\">\n\t\t\t\t<div class=\"elementor-element elementor-element-0f64b8b animated-fast elementor-invisible elementor-widget elementor-widget-heading\" data-id=\"0f64b8b\" data-element_type=\"widget\" data-settings=\"{&quot;_animation&quot;:&quot;fadeInUp&quot;}\" data-widget_type=\"heading.default\">\n\t\t\t\t<div class=\"elementor-widget-container\">\n\t\t\t\t\t<h2 class=\"elementor-heading-title elementor-size-default\">\u00c9quipe de livraison rapide<\/h2>\t\t\t\t<\/div>\n\t\t\t\t<\/div>\n\t\t\t\t<\/div>\n\t\t\t\t<\/div>\n\t\t<div class=\"elementor-element elementor-element-14410f4 e-flex e-con-boxed wpr-particle-no wpr-jarallax-no wpr-parallax-no wpr-sticky-section-no e-con e-parent\" data-id=\"14410f4\" data-element_type=\"container\" data-settings=\"{&quot;background_background&quot;:&quot;classic&quot;}\">\n\t\t\t\t\t<div class=\"e-con-inner\">\n\t\t<div class=\"elementor-element elementor-element-e7f0531 e-con-full e-flex wpr-particle-no wpr-jarallax-no wpr-parallax-no wpr-sticky-section-no e-con e-child\" data-id=\"e7f0531\" data-element_type=\"container\">\n\t\t\t\t<div class=\"elementor-element elementor-element-dafa31e elementor-widget elementor-widget-image\" data-id=\"dafa31e\" data-element_type=\"widget\" data-widget_type=\"image.default\">\n\t\t\t\t<div class=\"elementor-widget-container\">\n\t\t\t\t\t\t\t\t\t\t\t\t\t\t\t<img fetchpriority=\"high\" decoding=\"async\" width=\"511\" height=\"387\" src=\"https:\/\/bandesoft.com\/wp-content\/uploads\/2025\/07\/FDS_Logo_light.png\" class=\"attachment-large size-large wp-image-1832\" alt=\"\" srcset=\"https:\/\/bandesoft.com\/wp-content\/uploads\/2025\/07\/FDS_Logo_light.png 511w, https:\/\/bandesoft.com\/wp-content\/uploads\/2025\/07\/FDS_Logo_light-300x227.png 300w, https:\/\/bandesoft.com\/wp-content\/uploads\/2025\/07\/FDS_Logo_light-16x12.png 16w\" sizes=\"(max-width: 511px) 100vw, 511px\" \/>\t\t\t\t\t\t\t\t\t\t\t\t\t\t\t<\/div>\n\t\t\t\t<\/div>\n\t\t\t\t<div class=\"elementor-element elementor-element-04757ee elementor-invisible elementor-widget elementor-widget-heading\" data-id=\"04757ee\" data-element_type=\"widget\" data-settings=\"{&quot;_animation&quot;:&quot;fadeInUp&quot;}\" data-widget_type=\"heading.default\">\n\t\t\t\t<div class=\"elementor-widget-container\">\n\t\t\t\t\t<h2 class=\"elementor-heading-title elementor-size-default\">En savoir plus sur l'application Fast Delivery Squad<\/h2>\t\t\t\t<\/div>\n\t\t\t\t<\/div>\n\t\t\t\t<div class=\"elementor-element elementor-element-87e85fa animated-slow elementor-invisible elementor-widget elementor-widget-text-editor\" data-id=\"87e85fa\" data-element_type=\"widget\" data-settings=\"{&quot;_animation&quot;:&quot;fadeInUp&quot;}\" data-widget_type=\"text-editor.default\">\n\t\t\t\t<div class=\"elementor-widget-container\">\n\t\t\t\t\t\t\t\t\t<p>FD-Squad.com est une plateforme dynamique d\u00e9di\u00e9e \u00e0 la cr\u00e9ativit\u00e9, \u00e0 l&#8217;innovation et au style dans la mode et le design. Abritant une \u00e9quipe dynamique de cr\u00e9ateurs et de cr\u00e9ateurs de tendances avant-gardistes, FD Squad propose un m\u00e9lange unique de lifestyle, de v\u00eatements et de contenu communautaire, source d&#8217;inspiration et de rencontres. Que vous souhaitiez d\u00e9couvrir nos produits exclusifs, rejoindre notre mouvement ou simplement vous tenir au courant des derni\u00e8res nouveaut\u00e9s, FD-Squad est le lieu o\u00f9 l&#8217;audace de la mode rencontre la force de l&#8217;expression.<\/p>\t\t\t\t\t\t\t\t<\/div>\n\t\t\t\t<\/div>\n\t\t\t\t<div class=\"elementor-element elementor-element-277a87c elementor-invisible elementor-widget elementor-widget-button\" data-id=\"277a87c\" data-element_type=\"widget\" data-settings=\"{&quot;_animation&quot;:&quot;fadeIn&quot;,&quot;_animation_delay&quot;:400}\" data-widget_type=\"button.default\">\n\t\t\t\t<div class=\"elementor-widget-container\">\n\t\t\t\t\t\t\t\t\t<div class=\"elementor-button-wrapper\">\n\t\t\t\t\t<a class=\"elementor-button elementor-button-link elementor-size-sm\" href=\"https:\/\/fd-squad.com\" target=\"_blank\">\n\t\t\t\t\t\t<span class=\"elementor-button-content-wrapper\">\n\t\t\t\t\t\t<span class=\"elementor-button-icon\">\n\t\t\t\t<svg aria-hidden=\"true\" class=\"e-font-icon-svg e-fas-arrow-alt-circle-right\" viewbox=\"0 0 512 512\" xmlns=\"http:\/\/www.w3.org\/2000\/svg\"><path d=\"M256 8c137 0 248 111 248 248S393 504 256 504 8 393 8 256 119 8 256 8zM140 300h116v70.9c0 10.7 13 16.1 20.5 8.5l114.3-114.9c4.7-4.7 4.7-12.2 0-16.9l-114.3-115c-7.6-7.6-20.5-2.2-20.5 8.5V212H140c-6.6 0-12 5.4-12 12v64c0 6.6 5.4 12 12 12z\"><\/path><\/svg>\t\t\t<\/span>\n\t\t\t\t\t\t\t\t\t<span class=\"elementor-button-text\">Explorer FDS<\/span>\n\t\t\t\t\t<\/span>\n\t\t\t\t\t<\/a>\n\t\t\t\t<\/div>\n\t\t\t\t\t\t\t\t<\/div>\n\t\t\t\t<\/div>\n\t\t\t\t<\/div>\n\t\t<div class=\"elementor-element elementor-element-d1da08b e-con-full e-flex wpr-particle-no wpr-jarallax-no wpr-parallax-no wpr-sticky-section-no e-con e-child\" data-id=\"d1da08b\" data-element_type=\"container\">\n\t\t\t\t<\/div>\n\t\t\t\t\t<\/div>\n\t\t\t\t<\/div>\n\t\t<div class=\"elementor-element elementor-element-6426afb e-flex e-con-boxed wpr-particle-no wpr-jarallax-no wpr-parallax-no wpr-sticky-section-no e-con e-parent\" data-id=\"6426afb\" data-element_type=\"container\">\n\t\t\t\t\t<div class=\"e-con-inner\">\n\t\t<div class=\"elementor-element elementor-element-c8d396b e-con-full e-flex wpr-particle-no wpr-jarallax-no wpr-parallax-no wpr-sticky-section-no e-con e-child\" data-id=\"c8d396b\" data-element_type=\"container\">\n\t\t\t\t<div class=\"elementor-element elementor-element-589d93e elementor-invisible elementor-widget elementor-widget-heading\" data-id=\"589d93e\" data-element_type=\"widget\" data-settings=\"{&quot;_animation&quot;:&quot;fadeInUp&quot;}\" data-widget_type=\"heading.default\">\n\t\t\t\t<div class=\"elementor-widget-container\">\n\t\t\t\t\t<h2 class=\"elementor-heading-title elementor-size-default\">Facilitez votre livraison<\/h2>\t\t\t\t<\/div>\n\t\t\t\t<\/div>\n\t\t\t\t<\/div>\n\t\t<div class=\"elementor-element elementor-element-e10126e e-con-full e-flex wpr-particle-no wpr-jarallax-no wpr-parallax-no wpr-sticky-section-no e-con e-child\" data-id=\"e10126e\" data-element_type=\"container\">\n\t\t<div class=\"elementor-element elementor-element-3437e51 e-con-full e-flex wpr-particle-no wpr-jarallax-no wpr-parallax-no wpr-sticky-section-no e-con e-child\" data-id=\"3437e51\" data-element_type=\"container\">\n\t\t\t\t<div class=\"elementor-element elementor-element-7315694 elementor-widget elementor-widget-image\" data-id=\"7315694\" data-element_type=\"widget\" data-widget_type=\"image.default\">\n\t\t\t\t<div class=\"elementor-widget-container\">\n\t\t\t\t\t\t\t\t\t\t\t\t\t\t\t<img decoding=\"async\" width=\"800\" height=\"237\" src=\"https:\/\/bandesoft.com\/wp-content\/uploads\/2025\/07\/app-store.webp\" class=\"attachment-large size-large wp-image-1508\" alt=\"\" srcset=\"https:\/\/bandesoft.com\/wp-content\/uploads\/2025\/07\/app-store.webp 800w, https:\/\/bandesoft.com\/wp-content\/uploads\/2025\/07\/app-store-300x89.webp 300w, https:\/\/bandesoft.com\/wp-content\/uploads\/2025\/07\/app-store-768x228.webp 768w, https:\/\/bandesoft.com\/wp-content\/uploads\/2025\/07\/app-store-18x5.webp 18w\" sizes=\"(max-width: 800px) 100vw, 800px\" \/>\t\t\t\t\t\t\t\t\t\t\t\t\t\t\t<\/div>\n\t\t\t\t<\/div>\n\t\t\t\t<\/div>\n\t\t<div class=\"elementor-element elementor-element-0cbf789 e-con-full e-flex wpr-particle-no wpr-jarallax-no wpr-parallax-no wpr-sticky-section-no e-con e-child\" data-id=\"0cbf789\" data-element_type=\"container\">\n\t\t\t\t<div class=\"elementor-element elementor-element-efd2552 elementor-widget elementor-widget-image\" data-id=\"efd2552\" data-element_type=\"widget\" data-widget_type=\"image.default\">\n\t\t\t\t<div class=\"elementor-widget-container\">\n\t\t\t\t\t\t\t\t\t\t\t\t\t\t\t<img decoding=\"async\" width=\"540\" height=\"160\" src=\"https:\/\/bandesoft.com\/wp-content\/uploads\/2025\/07\/google-play.webp\" class=\"attachment-large size-large wp-image-1507\" alt=\"\" srcset=\"https:\/\/bandesoft.com\/wp-content\/uploads\/2025\/07\/google-play.webp 540w, https:\/\/bandesoft.com\/wp-content\/uploads\/2025\/07\/google-play-300x89.webp 300w, https:\/\/bandesoft.com\/wp-content\/uploads\/2025\/07\/google-play-18x5.webp 18w\" sizes=\"(max-width: 540px) 100vw, 540px\" \/>\t\t\t\t\t\t\t\t\t\t\t\t\t\t\t<\/div>\n\t\t\t\t<\/div>\n\t\t\t\t<\/div>\n\t\t\t\t<\/div>\n\t\t\t\t<div class=\"elementor-element elementor-element-ce16f45 elementor-align-center elementor-invisible elementor-widget elementor-widget-button\" data-id=\"ce16f45\" data-element_type=\"widget\" data-settings=\"{&quot;_animation&quot;:&quot;fadeIn&quot;,&quot;_animation_delay&quot;:400}\" data-widget_type=\"button.default\">\n\t\t\t\t<div class=\"elementor-widget-container\">\n\t\t\t\t\t\t\t\t\t<div class=\"elementor-button-wrapper\">\n\t\t\t\t\t<a class=\"elementor-button elementor-button-link elementor-size-sm\" href=\"https:\/\/fd-squad.com\/\" target=\"_blank\">\n\t\t\t\t\t\t<span class=\"elementor-button-content-wrapper\">\n\t\t\t\t\t\t<span class=\"elementor-button-icon\">\n\t\t\t\t<svg aria-hidden=\"true\" class=\"e-font-icon-svg e-fas-arrow-alt-circle-right\" viewbox=\"0 0 512 512\" xmlns=\"http:\/\/www.w3.org\/2000\/svg\"><path d=\"M256 8c137 0 248 111 248 248S393 504 256 504 8 393 8 256 119 8 256 8zM140 300h116v70.9c0 10.7 13 16.1 20.5 8.5l114.3-114.9c4.7-4.7 4.7-12.2 0-16.9l-114.3-115c-7.6-7.6-20.5-2.2-20.5 8.5V212H140c-6.6 0-12 5.4-12 12v64c0 6.6 5.4 12 12 12z\"><\/path><\/svg>\t\t\t<\/span>\n\t\t\t\t\t\t\t\t\t<span class=\"elementor-button-text\">Explore FDS<\/span>\n\t\t\t\t\t<\/span>\n\t\t\t\t\t<\/a>\n\t\t\t\t<\/div>\n\t\t\t\t\t\t\t\t<\/div>\n\t\t\t\t<\/div>\n\t\t\t\t\t<\/div>\n\t\t\t\t<\/div>\n\t\t\t\t<\/div>","protected":false},"excerpt":{"rendered":"<p>\u00c9quipe de livraison rapide En savoir plus sur l&#8217;application Fast Delivery Squad FD-Squad.com est une plateforme dynamique d\u00e9di\u00e9e \u00e0 la cr\u00e9ativit\u00e9, \u00e0 l&#8217;innovation et au style dans la mode et le design. Abritant une \u00e9quipe dynamique de cr\u00e9ateurs et de cr\u00e9ateurs de tendances avant-gardistes, FD Squad propose un m\u00e9lange unique de lifestyle, de v\u00eatements et de contenu communautaire, source d&#8217;inspiration et de rencontres. Que vous souhaitiez d\u00e9couvrir nos produits exclusifs, rejoindre notre mouvement ou simplement vous tenir au courant des derni\u00e8res nouveaut\u00e9s, FD-Squad est le lieu o\u00f9 l&#8217;audace de la mode rencontre la force de l&#8217;expression. Explorer FDS Facilitez votre livraison Explore FDS<\/p>","protected":false},"author":1,"featured_media":0,"parent":0,"menu_order":0,"comment_status":"closed","ping_status":"closed","template":"","meta":{"footnotes":""},"class_list":["post-4042","page","type-page","status-publish","hentry"],"yoast_head":"<!-- This site is optimized with the Yoast SEO plugin v26.0 - https:\/\/yoast.com\/wordpress\/plugins\/seo\/ -->\n<title>FDS - Bandesoft<\/title>\n<meta name=\"robots\" content=\"index, follow, max-snippet:-1, max-image-preview:large, max-video-preview:-1\" \/>\n<link rel=\"canonical\" href=\"https:\/\/bandesoft.com\/fr\/fds-2\/\" \/>\n<meta property=\"og:locale\" content=\"fr_FR\" \/>\n<meta property=\"og:type\" content=\"article\" \/>\n<meta property=\"og:title\" content=\"FDS - Bandesoft\" \/>\n<meta property=\"og:description\" content=\"\u00c9quipe de livraison rapide En savoir plus sur l&#8217;application Fast Delivery Squad FD-Squad.com est une plateforme dynamique d\u00e9di\u00e9e \u00e0 la cr\u00e9ativit\u00e9, \u00e0 l&#8217;innovation et au style dans la mode et le design. Abritant une \u00e9quipe dynamique de cr\u00e9ateurs et de cr\u00e9ateurs de tendances avant-gardistes, FD Squad propose un m\u00e9lange unique de lifestyle, de v\u00eatements et de contenu communautaire, source d&#8217;inspiration et de rencontres. Que vous souhaitiez d\u00e9couvrir nos produits exclusifs, rejoindre notre mouvement ou simplement vous tenir au courant des derni\u00e8res nouveaut\u00e9s, FD-Squad est le lieu o\u00f9 l&#8217;audace de la mode rencontre la force de l&#8217;expression. Explorer FDS Facilitez votre livraison Explore FDS\" \/>\n<meta property=\"og:url\" content=\"https:\/\/bandesoft.com\/fr\/fds-2\/\" \/>\n<meta property=\"og:site_name\" content=\"Bandesoft\" \/>\n<meta property=\"article:modified_time\" content=\"2025-08-15T17:59:04+00:00\" \/>\n<meta property=\"og:image\" content=\"https:\/\/bandesoft.com\/wp-content\/uploads\/2025\/07\/FDS_Logo_light.png\" \/>\n\t<meta property=\"og:image:width\" content=\"511\" \/>\n\t<meta property=\"og:image:height\" content=\"387\" \/>\n\t<meta property=\"og:image:type\" content=\"image\/png\" \/>\n<meta name=\"twitter:card\" content=\"summary_large_image\" \/>\n<meta name=\"twitter:label1\" content=\"Dur\u00e9e de lecture estim\u00e9e\" \/>\n\t<meta name=\"twitter:data1\" content=\"2 minutes\" \/>\n<script type=\"application\/ld+json\" class=\"yoast-schema-graph\">{\"@context\":\"https:\/\/schema.org\",\"@graph\":[{\"@type\":\"WebPage\",\"@id\":\"https:\/\/bandesoft.com\/fr\/fds-2\/\",\"url\":\"https:\/\/bandesoft.com\/fr\/fds-2\/\",\"name\":\"FDS - Bandesoft\",\"isPartOf\":{\"@id\":\"https:\/\/bandesoft.com\/fr\/#website\"},\"primaryImageOfPage\":{\"@id\":\"https:\/\/bandesoft.com\/fr\/fds-2\/#primaryimage\"},\"image\":{\"@id\":\"https:\/\/bandesoft.com\/fr\/fds-2\/#primaryimage\"},\"thumbnailUrl\":\"https:\/\/bandesoft.com\/wp-content\/uploads\/2025\/07\/FDS_Logo_light.png\",\"datePublished\":\"2025-07-24T10:41:20+00:00\",\"dateModified\":\"2025-08-15T17:59:04+00:00\",\"breadcrumb\":{\"@id\":\"https:\/\/bandesoft.com\/fr\/fds-2\/#breadcrumb\"},\"inLanguage\":\"fr-FR\",\"potentialAction\":[{\"@type\":\"ReadAction\",\"target\":[\"https:\/\/bandesoft.com\/fr\/fds-2\/\"]}]},{\"@type\":\"ImageObject\",\"inLanguage\":\"fr-FR\",\"@id\":\"https:\/\/bandesoft.com\/fr\/fds-2\/#primaryimage\",\"url\":\"https:\/\/bandesoft.com\/wp-content\/uploads\/2025\/07\/FDS_Logo_light.png\",\"contentUrl\":\"https:\/\/bandesoft.com\/wp-content\/uploads\/2025\/07\/FDS_Logo_light.png\"},{\"@type\":\"BreadcrumbList\",\"@id\":\"https:\/\/bandesoft.com\/fr\/fds-2\/#breadcrumb\",\"itemListElement\":[{\"@type\":\"ListItem\",\"position\":1,\"name\":\"Home\",\"item\":\"https:\/\/bandesoft.com\/fr\/home-fr\/\"},{\"@type\":\"ListItem\",\"position\":2,\"name\":\"FDS\"}]},{\"@type\":\"WebSite\",\"@id\":\"https:\/\/bandesoft.com\/fr\/#website\",\"url\":\"https:\/\/bandesoft.com\/fr\/\",\"name\":\"Bandesoft\",\"description\":\"\",\"potentialAction\":[{\"@type\":\"SearchAction\",\"target\":{\"@type\":\"EntryPoint\",\"urlTemplate\":\"https:\/\/bandesoft.com\/fr\/?s={search_term_string}\"},\"query-input\":{\"@type\":\"PropertyValueSpecification\",\"valueRequired\":true,\"valueName\":\"search_term_string\"}}],\"inLanguage\":\"fr-FR\"}]}<\/script>\n<!-- \/ Yoast SEO plugin. -->","yoast_head_json":{"title":"FDS - Bandesoft","robots":{"index":"index","follow":"follow","max-snippet":"max-snippet:-1","max-image-preview":"max-image-preview:large","max-video-preview":"max-video-preview:-1"},"canonical":"https:\/\/bandesoft.com\/fr\/fds-2\/","og_locale":"fr_FR","og_type":"article","og_title":"FDS - Bandesoft","og_description":"\u00c9quipe de livraison rapide En savoir plus sur l&#8217;application Fast Delivery Squad FD-Squad.com est une plateforme dynamique d\u00e9di\u00e9e \u00e0 la cr\u00e9ativit\u00e9, \u00e0 l&#8217;innovation et au style dans la mode et le design. Abritant une \u00e9quipe dynamique de cr\u00e9ateurs et de cr\u00e9ateurs de tendances avant-gardistes, FD Squad propose un m\u00e9lange unique de lifestyle, de v\u00eatements et de contenu communautaire, source d&#8217;inspiration et de rencontres. Que vous souhaitiez d\u00e9couvrir nos produits exclusifs, rejoindre notre mouvement ou simplement vous tenir au courant des derni\u00e8res nouveaut\u00e9s, FD-Squad est le lieu o\u00f9 l&#8217;audace de la mode rencontre la force de l&#8217;expression. Explorer FDS Facilitez votre livraison Explore FDS","og_url":"https:\/\/bandesoft.com\/fr\/fds-2\/","og_site_name":"Bandesoft","article_modified_time":"2025-08-15T17:59:04+00:00","og_image":[{"width":511,"height":387,"url":"https:\/\/bandesoft.com\/wp-content\/uploads\/2025\/07\/FDS_Logo_light.png","type":"image\/png"}],"twitter_card":"summary_large_image","twitter_misc":{"Dur\u00e9e de lecture estim\u00e9e":"2 minutes"},"schema":{"@context":"https:\/\/schema.org","@graph":[{"@type":"WebPage","@id":"https:\/\/bandesoft.com\/fr\/fds-2\/","url":"https:\/\/bandesoft.com\/fr\/fds-2\/","name":"FDS - Bandesoft","isPartOf":{"@id":"https:\/\/bandesoft.com\/fr\/#website"},"primaryImageOfPage":{"@id":"https:\/\/bandesoft.com\/fr\/fds-2\/#primaryimage"},"image":{"@id":"https:\/\/bandesoft.com\/fr\/fds-2\/#primaryimage"},"thumbnailUrl":"https:\/\/bandesoft.com\/wp-content\/uploads\/2025\/07\/FDS_Logo_light.png","datePublished":"2025-07-24T10:41:20+00:00","dateModified":"2025-08-15T17:59:04+00:00","breadcrumb":{"@id":"https:\/\/bandesoft.com\/fr\/fds-2\/#breadcrumb"},"inLanguage":"fr-FR","potentialAction":[{"@type":"ReadAction","target":["https:\/\/bandesoft.com\/fr\/fds-2\/"]}]},{"@type":"ImageObject","inLanguage":"fr-FR","@id":"https:\/\/bandesoft.com\/fr\/fds-2\/#primaryimage","url":"https:\/\/bandesoft.com\/wp-content\/uploads\/2025\/07\/FDS_Logo_light.png","contentUrl":"https:\/\/bandesoft.com\/wp-content\/uploads\/2025\/07\/FDS_Logo_light.png"},{"@type":"BreadcrumbList","@id":"https:\/\/bandesoft.com\/fr\/fds-2\/#breadcrumb","itemListElement":[{"@type":"ListItem","position":1,"name":"Home","item":"https:\/\/bandesoft.com\/fr\/home-fr\/"},{"@type":"ListItem","position":2,"name":"FDS"}]},{"@type":"WebSite","@id":"https:\/\/bandesoft.com\/fr\/#website","url":"https:\/\/bandesoft.com\/fr\/","name":"Bandesoft","description":"","potentialAction":[{"@type":"SearchAction","target":{"@type":"EntryPoint","urlTemplate":"https:\/\/bandesoft.com\/fr\/?s={search_term_string}"},"query-input":{"@type":"PropertyValueSpecification","valueRequired":true,"valueName":"search_term_string"}}],"inLanguage":"fr-FR"}]}},"rttpg_featured_image_url":null,"rttpg_author":{"display_name":"admin","author_link":"https:\/\/bandesoft.com\/fr\/author\/admin\/"},"rttpg_comment":0,"rttpg_category":" <a href=\"https:\/\/bandesoft.com\/fr\/\" rel=\"tag\">Fran\u00e7ais<\/a>","rttpg_excerpt":"\u00c9quipe de livraison rapide En savoir plus sur l&#8217;application Fast Delivery Squad FD-Squad.com est une plateforme dynamique d\u00e9di\u00e9e \u00e0 la cr\u00e9ativit\u00e9, \u00e0 l&#8217;innovation et au style dans la mode et le design. Abritant une \u00e9quipe dynamique de cr\u00e9ateurs et de cr\u00e9ateurs de tendances avant-gardistes, FD Squad propose un m\u00e9lange unique de lifestyle, de v\u00eatements et\u2026","_links":{"self":[{"href":"https:\/\/bandesoft.com\/fr\/wp-json\/wp\/v2\/pages\/4042","targetHints":{"allow":["GET"]}}],"collection":[{"href":"https:\/\/bandesoft.com\/fr\/wp-json\/wp\/v2\/pages"}],"about":[{"href":"https:\/\/bandesoft.com\/fr\/wp-json\/wp\/v2\/types\/page"}],"author":[{"embeddable":true,"href":"https:\/\/bandesoft.com\/fr\/wp-json\/wp\/v2\/users\/1"}],"replies":[{"embeddable":true,"href":"https:\/\/bandesoft.com\/fr\/wp-json\/wp\/v2\/comments?post=4042"}],"version-history":[{"count":7,"href":"https:\/\/bandesoft.com\/fr\/wp-json\/wp\/v2\/pages\/4042\/revisions"}],"predecessor-version":[{"id":4049,"href":"https:\/\/bandesoft.com\/fr\/wp-json\/wp\/v2\/pages\/4042\/revisions\/4049"}],"wp:attachment":[{"href":"https:\/\/bandesoft.com\/fr\/wp-json\/wp\/v2\/media?parent=4042"}],"curies":[{"name":"wp","href":"https:\/\/api.w.org\/{rel}","templated":true}]}}