{"id":4597,"date":"2025-07-15T01:17:51","date_gmt":"2025-07-15T01:17:51","guid":{"rendered":"https:\/\/bandesoft.com\/?page_id=4597"},"modified":"2025-08-25T12:02:59","modified_gmt":"2025-08-25T12:02:59","slug":"news-3","status":"publish","type":"page","link":"https:\/\/bandesoft.com\/fr\/news-3\/","title":{"rendered":"News"},"content":{"rendered":"<div data-elementor-type=\"wp-page\" data-elementor-id=\"4597\" class=\"elementor elementor-4597\" data-elementor-post-type=\"page\">\n\t\t\t\t<div class=\"elementor-element elementor-element-c407251 e-flex e-con-boxed wpr-particle-no wpr-jarallax-no wpr-parallax-no wpr-sticky-section-no e-con e-parent\" data-id=\"c407251\" data-element_type=\"container\" data-settings=\"{&quot;background_background&quot;:&quot;classic&quot;}\">\n\t\t\t\t\t<div class=\"e-con-inner\">\n\t\t\t\t<div class=\"elementor-element elementor-element-8b4f283 section-title-style-style3 title_position_default title_hover_border_default title-default img_hover_animation_default readmore-btn-default-style grid-hover-overlay-type-always tpg-el-box-border-enable tpg-border-bottom-disable elementor-widget elementor-widget-tpg-grid-layout\" data-id=\"8b4f283\" data-element_type=\"widget\" data-widget_type=\"tpg-grid-layout.default\">\n\t\t\t\t<div class=\"elementor-widget-container\">\n\t\t\t\t\t\t\t<div class=\"rt-container-fluid rt-tpg-container tpg-el-main-wrapper clearfix grid-layout1-main\"\n\t\t\t id=\"rt-tpg-container-1508880056\"\n\t\t\t data-layout=\"grid-layout1\"\n\t\t\t data-grid-style=\"tpg-full-height\"\n\t\t\t data-sc-id=\"elementor\"\n\t\t\t data-el-settings=''\n\t\t\t data-el-query=''\n\t\t\t data-el-path=''\n\t\t>\n\t\t\t\t\t\t<div class='tpg-header-wrapper'>\n\t\t\t\t\n        <div class=\"tpg-widget-heading-wrapper rt-clear heading-style3\">\n            <span class=\"tpg-widget-heading-line line-left\"><\/span>\n\t\t\t<h4 class='tpg-widget-heading'>\n\t\t\t\n\t\t\t\t                    <span>\n\t\t\t\t\t\tDerni\u00e8res nouvelles\t\t\t\t\t<\/span>\n\t\t\t\t\t\n\t\t\t\t\t\t\t<\/h4>            <span class=\"tpg-widget-heading-line line-right\"><\/span>\n\n\t\t\t\n        <\/div>\n\n\t\t\n\t\t\t\t\t<\/div>\n\n\t\t\t<div data-title=\"Loading ...\" class=\"rt-row rt-content-loader grid-layout1 grid-behaviour tpg-full-height grid_layout_wrapper\">\n\t\t\t\t<div class=\"rt-col-md-4 rt-col-sm-6 rt-col-xs-12 default rt-grid-item post-4616 post type-post status-publish format-standard has-post-thumbnail hentry category-nouvelles\"\t\tdata-id=\"4616\">\n\t<div class=\"rt-holder tpg-post-holder\">\n\t\t<div class=\"rt-detail rt-el-content-wrapper\">\n\t\t\t\t\t\t\t<div class=\"rt-img-holder tpg-el-image-wrap has-thumbnail\">\n\t\t\t\t\t<a data-id=\"4616\" href=\"https:\/\/bandesoft.com\/fr\/bandesoft-etend-sa-presence-en-afrique-avec-le-lancement-de-bande-technology-au-ghana\/\" class=\"tpg-post-link\" target=\"_self\">                        <img fetchpriority=\"high\" decoding=\"async\" src=\"https:\/\/bandesoft.com\/wp-content\/uploads\/2025\/08\/11379_11398_ghana-glance-768x433.jpg\"\n                             class=\"rt-img-responsive\"\n                             width=\"768\"\n                             height=\"433\"\n                             alt=\"BandeSoft \u00e9tend sa pr\u00e9sence en Afrique avec le lancement de Bande Technology au Ghana\">\n\t\t\t\t\t\t\n\t\t\t\t\t\t\t\n\t\t<\/a>\n\t\t        <div class=\"overlay grid-hover-content\"><\/div>\n\t\t\t\t\t\t<\/div>\n\t\t\t\n\t\t\t<div class=\"entry-title-wrapper\"><h3 class=\"entry-title\"><a data-id=\"4616\" href=\"https:\/\/bandesoft.com\/fr\/bandesoft-etend-sa-presence-en-afrique-avec-le-lancement-de-bande-technology-au-ghana\/\" class=\"tpg-post-link\" target=\"_self\">BandeSoft \u00e9tend sa pr\u00e9sence en Afrique avec le lancement de Bande Technology au Ghana<\/a><\/h3><\/div>\n\t\t\t\n\n\t\t\t\t\t\t\t<div class=\"tpg-excerpt tpg-el-excerpt\">\n\t\t\t\t\t\t\t\t\t\t\t<div class=\"tpg-excerpt-inner\">\n\t\t\t\t\t\t\tBandeSoft Ltd, \u00e9tablie au Cameroun en 2023 et faisant partie du groupe BandeSoft GmbH fond\u00e9 en Allemagne en 2018, est ravie d&#8217;annoncer le lancement de sa nouvelle entit\u00e9, Bande Technology, au...\t\t\t\t\t\t<\/div>\n\t\t\t\t\t\t\t\t\t\t\t\t\t\t<\/div>\n\t\t\t\n\t\t\t        <div class=\"post-footer\">\n            <div class=\"post-footer\">\n                <div class=\"read-more\">\n\t\t\t\t\t<a data-id=\"4616\" href=\"https:\/\/bandesoft.com\/fr\/bandesoft-etend-sa-presence-en-afrique-avec-le-lancement-de-bande-technology-au-ghana\/\" class=\"tpg-post-link\" target=\"_self\">En savoir plus<\/a>                <\/div>\n            <\/div>\n        <\/div>\n\t\t\t\t<\/div>\n\t<\/div>\n<\/div>\n\t\t\t<\/div>\n\t\t\t\n\t\t<\/div>\n\t\t\t\t\t\t<\/div>\n\t\t\t\t<\/div>\n\t\t\t\t\t<\/div>\n\t\t\t\t<\/div>\n\t\t\t\t<\/div>","protected":false},"excerpt":{"rendered":"<p>Derni\u00e8res nouvelles BandeSoft \u00e9tend sa pr\u00e9sence en Afrique avec le lancement de Bande Technology au Ghana BandeSoft Ltd, \u00e9tablie au Cameroun en 2023 et faisant partie du groupe BandeSoft GmbH fond\u00e9 en Allemagne en 2018, est ravie d&rsquo;annoncer le lancement de sa nouvelle entit\u00e9, Bande Technology, au&#8230; En savoir plus<\/p>","protected":false},"author":1,"featured_media":0,"parent":0,"menu_order":0,"comment_status":"closed","ping_status":"closed","template":"","meta":{"footnotes":""},"class_list":["post-4597","page","type-page","status-publish","hentry"],"yoast_head":"<!-- This site is optimized with the Yoast SEO plugin v26.0 - https:\/\/yoast.com\/wordpress\/plugins\/seo\/ -->\n<title>News - Bandesoft<\/title>\n<meta name=\"robots\" content=\"index, follow, max-snippet:-1, max-image-preview:large, max-video-preview:-1\" \/>\n<link rel=\"canonical\" href=\"https:\/\/bandesoft.com\/fr\/news-3\/\" \/>\n<meta property=\"og:locale\" content=\"fr_FR\" \/>\n<meta property=\"og:type\" content=\"article\" \/>\n<meta property=\"og:title\" content=\"News - Bandesoft\" \/>\n<meta property=\"og:description\" content=\"Derni\u00e8res nouvelles BandeSoft \u00e9tend sa pr\u00e9sence en Afrique avec le lancement de Bande Technology au Ghana BandeSoft Ltd, \u00e9tablie au Cameroun en 2023 et faisant partie du groupe BandeSoft GmbH fond\u00e9 en Allemagne en 2018, est ravie d&rsquo;annoncer le lancement de sa nouvelle entit\u00e9, Bande Technology, au&#8230; En savoir plus\" \/>\n<meta property=\"og:url\" content=\"https:\/\/bandesoft.com\/fr\/news-3\/\" \/>\n<meta property=\"og:site_name\" content=\"Bandesoft\" \/>\n<meta property=\"article:modified_time\" content=\"2025-08-25T12:02:59+00:00\" \/>\n<meta property=\"og:image\" content=\"https:\/\/bandesoft.com\/wp-content\/uploads\/2025\/08\/11379_11398_ghana-glance-768x433.jpg\" \/>\n<meta name=\"twitter:card\" content=\"summary_large_image\" \/>\n<meta name=\"twitter:label1\" content=\"Dur\u00e9e de lecture estim\u00e9e\" \/>\n\t<meta name=\"twitter:data1\" content=\"1 minute\" \/>\n<script type=\"application\/ld+json\" class=\"yoast-schema-graph\">{\"@context\":\"https:\/\/schema.org\",\"@graph\":[{\"@type\":\"WebPage\",\"@id\":\"https:\/\/bandesoft.com\/fr\/news-3\/\",\"url\":\"https:\/\/bandesoft.com\/fr\/news-3\/\",\"name\":\"News - Bandesoft\",\"isPartOf\":{\"@id\":\"https:\/\/bandesoft.com\/fr\/#website\"},\"primaryImageOfPage\":{\"@id\":\"https:\/\/bandesoft.com\/fr\/news-3\/#primaryimage\"},\"image\":{\"@id\":\"https:\/\/bandesoft.com\/fr\/news-3\/#primaryimage\"},\"thumbnailUrl\":\"https:\/\/bandesoft.com\/wp-content\/uploads\/2025\/08\/11379_11398_ghana-glance-768x433.jpg\",\"datePublished\":\"2025-07-15T01:17:51+00:00\",\"dateModified\":\"2025-08-25T12:02:59+00:00\",\"breadcrumb\":{\"@id\":\"https:\/\/bandesoft.com\/fr\/news-3\/#breadcrumb\"},\"inLanguage\":\"fr-FR\",\"potentialAction\":[{\"@type\":\"ReadAction\",\"target\":[\"https:\/\/bandesoft.com\/fr\/news-3\/\"]}]},{\"@type\":\"ImageObject\",\"inLanguage\":\"fr-FR\",\"@id\":\"https:\/\/bandesoft.com\/fr\/news-3\/#primaryimage\",\"url\":\"https:\/\/bandesoft.com\/wp-content\/uploads\/2025\/08\/11379_11398_ghana-glance-768x433.jpg\",\"contentUrl\":\"https:\/\/bandesoft.com\/wp-content\/uploads\/2025\/08\/11379_11398_ghana-glance-768x433.jpg\"},{\"@type\":\"BreadcrumbList\",\"@id\":\"https:\/\/bandesoft.com\/fr\/news-3\/#breadcrumb\",\"itemListElement\":[{\"@type\":\"ListItem\",\"position\":1,\"name\":\"Home\",\"item\":\"https:\/\/bandesoft.com\/fr\/home-fr\/\"},{\"@type\":\"ListItem\",\"position\":2,\"name\":\"News\"}]},{\"@type\":\"WebSite\",\"@id\":\"https:\/\/bandesoft.com\/fr\/#website\",\"url\":\"https:\/\/bandesoft.com\/fr\/\",\"name\":\"Bandesoft\",\"description\":\"\",\"potentialAction\":[{\"@type\":\"SearchAction\",\"target\":{\"@type\":\"EntryPoint\",\"urlTemplate\":\"https:\/\/bandesoft.com\/fr\/?s={search_term_string}\"},\"query-input\":{\"@type\":\"PropertyValueSpecification\",\"valueRequired\":true,\"valueName\":\"search_term_string\"}}],\"inLanguage\":\"fr-FR\"}]}<\/script>\n<!-- \/ Yoast SEO plugin. -->","yoast_head_json":{"title":"News - Bandesoft","robots":{"index":"index","follow":"follow","max-snippet":"max-snippet:-1","max-image-preview":"max-image-preview:large","max-video-preview":"max-video-preview:-1"},"canonical":"https:\/\/bandesoft.com\/fr\/news-3\/","og_locale":"fr_FR","og_type":"article","og_title":"News - Bandesoft","og_description":"Derni\u00e8res nouvelles BandeSoft \u00e9tend sa pr\u00e9sence en Afrique avec le lancement de Bande Technology au Ghana BandeSoft Ltd, \u00e9tablie au Cameroun en 2023 et faisant partie du groupe BandeSoft GmbH fond\u00e9 en Allemagne en 2018, est ravie d&rsquo;annoncer le lancement de sa nouvelle entit\u00e9, Bande Technology, au&#8230; En savoir plus","og_url":"https:\/\/bandesoft.com\/fr\/news-3\/","og_site_name":"Bandesoft","article_modified_time":"2025-08-25T12:02:59+00:00","og_image":[{"url":"https:\/\/bandesoft.com\/wp-content\/uploads\/2025\/08\/11379_11398_ghana-glance-768x433.jpg","type":"","width":"","height":""}],"twitter_card":"summary_large_image","twitter_misc":{"Dur\u00e9e de lecture estim\u00e9e":"1 minute"},"schema":{"@context":"https:\/\/schema.org","@graph":[{"@type":"WebPage","@id":"https:\/\/bandesoft.com\/fr\/news-3\/","url":"https:\/\/bandesoft.com\/fr\/news-3\/","name":"News - Bandesoft","isPartOf":{"@id":"https:\/\/bandesoft.com\/fr\/#website"},"primaryImageOfPage":{"@id":"https:\/\/bandesoft.com\/fr\/news-3\/#primaryimage"},"image":{"@id":"https:\/\/bandesoft.com\/fr\/news-3\/#primaryimage"},"thumbnailUrl":"https:\/\/bandesoft.com\/wp-content\/uploads\/2025\/08\/11379_11398_ghana-glance-768x433.jpg","datePublished":"2025-07-15T01:17:51+00:00","dateModified":"2025-08-25T12:02:59+00:00","breadcrumb":{"@id":"https:\/\/bandesoft.com\/fr\/news-3\/#breadcrumb"},"inLanguage":"fr-FR","potentialAction":[{"@type":"ReadAction","target":["https:\/\/bandesoft.com\/fr\/news-3\/"]}]},{"@type":"ImageObject","inLanguage":"fr-FR","@id":"https:\/\/bandesoft.com\/fr\/news-3\/#primaryimage","url":"https:\/\/bandesoft.com\/wp-content\/uploads\/2025\/08\/11379_11398_ghana-glance-768x433.jpg","contentUrl":"https:\/\/bandesoft.com\/wp-content\/uploads\/2025\/08\/11379_11398_ghana-glance-768x433.jpg"},{"@type":"BreadcrumbList","@id":"https:\/\/bandesoft.com\/fr\/news-3\/#breadcrumb","itemListElement":[{"@type":"ListItem","position":1,"name":"Home","item":"https:\/\/bandesoft.com\/fr\/home-fr\/"},{"@type":"ListItem","position":2,"name":"News"}]},{"@type":"WebSite","@id":"https:\/\/bandesoft.com\/fr\/#website","url":"https:\/\/bandesoft.com\/fr\/","name":"Bandesoft","description":"","potentialAction":[{"@type":"SearchAction","target":{"@type":"EntryPoint","urlTemplate":"https:\/\/bandesoft.com\/fr\/?s={search_term_string}"},"query-input":{"@type":"PropertyValueSpecification","valueRequired":true,"valueName":"search_term_string"}}],"inLanguage":"fr-FR"}]}},"rttpg_featured_image_url":null,"rttpg_author":{"display_name":"admin","author_link":"https:\/\/bandesoft.com\/fr\/author\/admin\/"},"rttpg_comment":0,"rttpg_category":"","rttpg_excerpt":"Derni\u00e8res nouvelles BandeSoft \u00e9tend sa pr\u00e9sence en Afrique avec le lancement de Bande Technology au Ghana BandeSoft Ltd, \u00e9tablie au Cameroun en 2023 et faisant partie du groupe BandeSoft GmbH fond\u00e9 en Allemagne en 2018, est ravie d&rsquo;annoncer le lancement de sa nouvelle entit\u00e9, Bande Technology, au&#8230; En savoir plus","_links":{"self":[{"href":"https:\/\/bandesoft.com\/fr\/wp-json\/wp\/v2\/pages\/4597","targetHints":{"allow":["GET"]}}],"collection":[{"href":"https:\/\/bandesoft.com\/fr\/wp-json\/wp\/v2\/pages"}],"about":[{"href":"https:\/\/bandesoft.com\/fr\/wp-json\/wp\/v2\/types\/page"}],"author":[{"embeddable":true,"href":"https:\/\/bandesoft.com\/fr\/wp-json\/wp\/v2\/users\/1"}],"replies":[{"embeddable":true,"href":"https:\/\/bandesoft.com\/fr\/wp-json\/wp\/v2\/comments?post=4597"}],"version-history":[{"count":13,"href":"https:\/\/bandesoft.com\/fr\/wp-json\/wp\/v2\/pages\/4597\/revisions"}],"predecessor-version":[{"id":4940,"href":"https:\/\/bandesoft.com\/fr\/wp-json\/wp\/v2\/pages\/4597\/revisions\/4940"}],"wp:attachment":[{"href":"https:\/\/bandesoft.com\/fr\/wp-json\/wp\/v2\/media?parent=4597"}],"curies":[{"name":"wp","href":"https:\/\/api.w.org\/{rel}","templated":true}]}}