{"id":4602,"date":"2025-08-10T23:25:58","date_gmt":"2025-08-10T23:25:58","guid":{"rendered":"https:\/\/bandesoft.com\/?page_id=4602"},"modified":"2025-08-21T06:27:14","modified_gmt":"2025-08-21T06:27:14","slug":"blog-3","status":"publish","type":"page","link":"https:\/\/bandesoft.com\/fr\/blog-3\/","title":{"rendered":"Blog"},"content":{"rendered":"<div data-elementor-type=\"wp-page\" data-elementor-id=\"4602\" class=\"elementor elementor-4602\" data-elementor-post-type=\"page\">\n\t\t\t\t\t\t<section class=\"elementor-section elementor-top-section elementor-element elementor-element-d274651 elementor-section-content-bottom elementor-section-height-min-height elementor-section-boxed elementor-section-height-default elementor-section-items-middle wpr-particle-no wpr-jarallax-no wpr-parallax-no wpr-sticky-section-no\" data-id=\"d274651\" data-element_type=\"section\" data-settings=\"{&quot;background_background&quot;:&quot;classic&quot;}\">\n\t\t\t\t\t\t<div class=\"elementor-container elementor-column-gap-default\">\n\t\t\t\t\t<div class=\"elementor-column elementor-col-100 elementor-top-column elementor-element elementor-element-4e34922\" data-id=\"4e34922\" data-element_type=\"column\">\n\t\t\t<div class=\"elementor-widget-wrap\">\n\t\t\t\t\t\t\t<\/div>\n\t\t<\/div>\n\t\t\t\t\t<\/div>\n\t\t<\/section>\n\t\t\t\t<section class=\"elementor-section elementor-top-section elementor-element elementor-element-3b3d358 elementor-section-boxed elementor-section-height-default elementor-section-height-default wpr-particle-no wpr-jarallax-no wpr-parallax-no wpr-sticky-section-no\" data-id=\"3b3d358\" data-element_type=\"section\">\n\t\t\t\t\t\t<div class=\"elementor-container elementor-column-gap-default\">\n\t\t\t\t\t<div class=\"elementor-column elementor-col-100 elementor-top-column elementor-element elementor-element-0173c7e\" data-id=\"0173c7e\" data-element_type=\"column\">\n\t\t\t<div class=\"elementor-widget-wrap elementor-element-populated\">\n\t\t\t\t\t\t<div class=\"elementor-element elementor-element-6c8cb1d section-title-style-style3 title_position_default title_hover_border_default title-default img_hover_animation_default grid-hover-overlay-type-always tpg-el-box-border-enable tpg-border-bottom-disable elementor-widget elementor-widget-tpg-list-layout\" data-id=\"6c8cb1d\" data-element_type=\"widget\" data-widget_type=\"tpg-list-layout.default\">\n\t\t\t\t<div class=\"elementor-widget-container\">\n\t\t\t\t\t\n        <div class=\"rt-container-fluid rt-tpg-container tpg-el-main-wrapper list-layout1-main\"\n             data-sc-id=\"elementor\"\n             id=\"rt-tpg-container-3449407601\"\n             data-layout=\"list-layout1\"\n             data-grid-style=\"tpg-even\"\n             data-el-settings=''\n             data-el-query=''\n             data-el-path=''\n        >\n\t\t\t            <div class='tpg-header-wrapper'>\n\t\t\t\t\n        <div class=\"tpg-widget-heading-wrapper rt-clear heading-style3\">\n            <span class=\"tpg-widget-heading-line line-left\"><\/span>\n\t\t\t<h2 class='tpg-widget-heading'>\n\t\t\t\n\t\t\t\t                    <span>\n\t\t\t\t\t\tBlog\t\t\t\t\t<\/span>\n\t\t\t\t\t\n\t\t\t\t\t\t\t<\/h2>            <span class=\"tpg-widget-heading-line line-right\"><\/span>\n\n\t\t\t\n        <\/div>\n\n\t\t\n\t\t            <\/div>\n\n            <div data-title=\"Loading ...\" class=\"rt-row rt-content-loader list-layout1 tpg-even list-behaviour list-layout-wrapper\">\n\t\t\t\t\n<div class=\"rt-col-md-12 rt-col-sm-12 rt-col-xs-12 default rt-list-item rt-grid-item\" data-id=\"5188\">\n\t<div class=\"rt-holder tpg-post-holder\">\n\t\t<div class=\"rt-detail rt-el-content-wrapper\">\n\t\t\t\t\t\t\t<div class=\"rt-img-holder tpg-el-image-wrap has-thumbnail\">\n\t\t\t\t\t<a data-id=\"5188\" href=\"https:\/\/bandesoft.com\/fr\/les-defis-de-limplementation-de-logiciels-dentreprise-dans-les-pme-africaines-et-comment-les-surmonter\/\" class=\"tpg-post-link\" target=\"_self\">                        <img fetchpriority=\"high\" decoding=\"async\" src=\"https:\/\/bandesoft.com\/wp-content\/uploads\/2025\/12\/employee-office-showing-revenue-figures-laptop-manager-scaled.jpg\"\n                             class=\"rt-img-responsive\"\n                             width=\"2560\"\n                             height=\"1440\"\n                             alt=\"Les d\u00e9fis de l&#8217;impl\u00e9mentation de logiciels d&#8217;entreprise dans les PME africaines \u2014 et comment les surmonter\">\n\t\t\t\t\t\t\n\t\t\t\t\t\t\t\n\t\t<\/a>\n\t\t        <div class=\"overlay grid-hover-content\"><\/div>\n\t\t\t\t\t\t<\/div>\n\t\t\t\n\t\t\t<div class=\"post-right-content\">\n\t\t\t\t<div class=\"entry-title-wrapper\"><h3 class=\"entry-title\"><a data-id=\"5188\" href=\"https:\/\/bandesoft.com\/fr\/les-defis-de-limplementation-de-logiciels-dentreprise-dans-les-pme-africaines-et-comment-les-surmonter\/\" class=\"tpg-post-link\" target=\"_self\">Les d\u00e9fis de l&#8217;impl\u00e9mentation de logiciels d&#8217;entreprise dans les PME africaines \u2014 et comment les surmonter<\/a><\/h3><\/div>\n\t\t\t\t\n\t\t\t\t\t\t\t\t\t<div class=\"tpg-excerpt tpg-el-excerpt\">\n\t\t\t\t\t\t\t\t\t\t\t\t\t<div class=\"tpg-excerpt-inner\">\n\t\t\t\t\t\t\t\tLes petites et moyennes entreprises (PME) constituent l&#8217;\u00e9pine dorsale de l&#8217;\u00e9conomie africaine, repr\u00e9sentant plus de 70 % des emplois et...\t\t\t\t\t\t\t<\/div>\n\t\t\t\t\t\t\t\t\t\t\t\t\t\t\t\t\t<\/div>\n\t\t\t\t\n\t\t\t\t\t\t\t<\/div>\n\t\t<\/div>\n\t<\/div>\n<\/div>\n            <\/div>\n\n\t\t\t\n        <\/div>\n\t\t\t\t\t\t<\/div>\n\t\t\t\t<\/div>\n\t\t\t\t<div class=\"elementor-element elementor-element-5835748 title-three-line title_position_default title_hover_border_default img_hover_animation_default grid-hover-overlay-type-always tpg-el-box-border-enable tpg-border-bottom-disable elementor-widget elementor-widget-tpg-list-layout\" data-id=\"5835748\" data-element_type=\"widget\" data-widget_type=\"tpg-list-layout.default\">\n\t\t\t\t<div class=\"elementor-widget-container\">\n\t\t\t\t\t\n        <div class=\"rt-container-fluid rt-tpg-container tpg-el-main-wrapper list-layout1-main\"\n             data-sc-id=\"elementor\"\n             id=\"rt-tpg-container-2194612884\"\n             data-layout=\"list-layout1\"\n             data-grid-style=\"tpg-even\"\n             data-el-settings=''\n             data-el-query=''\n             data-el-path=''\n        >\n\t\t\t            <div class='tpg-header-wrapper'>\n\t\t\t\t            <\/div>\n\n            <div data-title=\"Loading ...\" class=\"rt-row rt-content-loader list-layout1 tpg-even list-behaviour list-layout-wrapper\">\n\t\t\t\t\n<div class=\"rt-col-md-6 rt-col-sm-12 rt-col-xs-12 default rt-list-item rt-grid-item\" data-id=\"5188\">\n\t<div class=\"rt-holder tpg-post-holder\">\n\t\t<div class=\"rt-detail rt-el-content-wrapper\">\n\t\t\t\t\t\t\t<div class=\"rt-img-holder tpg-el-image-wrap has-thumbnail\">\n\t\t\t\t\t<a data-id=\"5188\" href=\"https:\/\/bandesoft.com\/fr\/les-defis-de-limplementation-de-logiciels-dentreprise-dans-les-pme-africaines-et-comment-les-surmonter\/\" class=\"tpg-post-link\" target=\"_self\">                        <img decoding=\"async\" src=\"https:\/\/bandesoft.com\/wp-content\/uploads\/2025\/12\/employee-office-showing-revenue-figures-laptop-manager-150x150.jpg\"\n                             class=\"rt-img-responsive\"\n                             width=\"150\"\n                             height=\"150\"\n                             alt=\"Les d\u00e9fis de l&#8217;impl\u00e9mentation de logiciels d&#8217;entreprise dans les PME africaines \u2014 et comment les surmonter\">\n\t\t\t\t\t\t\n\t\t\t\t\t\t\t\n\t\t<\/a>\n\t\t        <div class=\"overlay grid-hover-content\"><\/div>\n\t\t\t\t\t\t<\/div>\n\t\t\t\n\t\t\t<div class=\"post-right-content\">\n\t\t\t\t<div class=\"entry-title-wrapper\"><h3 class=\"entry-title\"><a data-id=\"5188\" href=\"https:\/\/bandesoft.com\/fr\/les-defis-de-limplementation-de-logiciels-dentreprise-dans-les-pme-africaines-et-comment-les-surmonter\/\" class=\"tpg-post-link\" target=\"_self\">Les d\u00e9fis de l&#8217;impl\u00e9mentation de logiciels d&#8217;entreprise dans les PME africaines \u2014 et comment les surmonter<\/a><\/h3><\/div>\n\t\t\t\t\n\t\t\t\t\t\t\t\t\t<div class=\"tpg-excerpt tpg-el-excerpt\">\n\t\t\t\t\t\t\t\t\t\t\t\t\t<div class=\"tpg-excerpt-inner\">\n\t\t\t\t\t\t\t\tLes petites et moyennes entreprises (PME) constituent l&#8217;\u00e9pine dorsale de l&#8217;\u00e9conomie...\t\t\t\t\t\t\t<\/div>\n\t\t\t\t\t\t\t\t\t\t\t\t\t\t\t\t\t<\/div>\n\t\t\t\t\n\t\t\t\t\t\t\t<\/div>\n\t\t<\/div>\n\t<\/div>\n<\/div>\n\n<div class=\"rt-col-md-6 rt-col-sm-12 rt-col-xs-12 default rt-list-item rt-grid-item\" data-id=\"5171\">\n\t<div class=\"rt-holder tpg-post-holder\">\n\t\t<div class=\"rt-detail rt-el-content-wrapper\">\n\t\t\t\t\t\t\t<div class=\"rt-img-holder tpg-el-image-wrap has-thumbnail\">\n\t\t\t\t\t<a data-id=\"5171\" href=\"https:\/\/bandesoft.com\/fr\/durabilite-et-impact-comment-la-technologie-propulse-lavenir-numerique-de-lafrique\/\" class=\"tpg-post-link\" target=\"_self\">                        <img decoding=\"async\" src=\"https:\/\/bandesoft.com\/wp-content\/uploads\/2025\/12\/startup-manager-working-with-artificial-intelligence-hologram-manager-talk-about-company-report-using-holographic-augmented-reality-have-remote-conversation-online-digital-tech-150x150.jpg\"\n                             class=\"rt-img-responsive\"\n                             width=\"150\"\n                             height=\"150\"\n                             alt=\"Durabilit\u00e9 et Impact : Comment la technologie propulse l&#8217;avenir num\u00e9rique de l&#8217;Afrique\">\n\t\t\t\t\t\t\n\t\t\t\t\t\t\t\n\t\t<\/a>\n\t\t        <div class=\"overlay grid-hover-content\"><\/div>\n\t\t\t\t\t\t<\/div>\n\t\t\t\n\t\t\t<div class=\"post-right-content\">\n\t\t\t\t<div class=\"entry-title-wrapper\"><h3 class=\"entry-title\"><a data-id=\"5171\" href=\"https:\/\/bandesoft.com\/fr\/durabilite-et-impact-comment-la-technologie-propulse-lavenir-numerique-de-lafrique\/\" class=\"tpg-post-link\" target=\"_self\">Durabilit\u00e9 et Impact : Comment la technologie propulse l&#8217;avenir num\u00e9rique de l&#8217;Afrique<\/a><\/h3><\/div>\n\t\t\t\t\n\t\t\t\t\t\t\t\t\t<div class=\"tpg-excerpt tpg-el-excerpt\">\n\t\t\t\t\t\t\t\t\t\t\t\t\t<div class=\"tpg-excerpt-inner\">\n\t\t\t\t\t\t\t\tL&#8217;Afrique se trouve \u00e0 un tournant d\u00e9cisif. Avec l&#8217;une des croissances d\u00e9mographiques les...\t\t\t\t\t\t\t<\/div>\n\t\t\t\t\t\t\t\t\t\t\t\t\t\t\t\t\t<\/div>\n\t\t\t\t\n\t\t\t\t\t\t\t<\/div>\n\t\t<\/div>\n\t<\/div>\n<\/div>\n\n<div class=\"rt-col-md-6 rt-col-sm-12 rt-col-xs-12 default rt-list-item rt-grid-item\" data-id=\"5159\">\n\t<div class=\"rt-holder tpg-post-holder\">\n\t\t<div class=\"rt-detail rt-el-content-wrapper\">\n\t\t\t\t\t\t\t<div class=\"rt-img-holder tpg-el-image-wrap has-thumbnail\">\n\t\t\t\t\t<a data-id=\"5159\" href=\"https:\/\/bandesoft.com\/fr\/gestion-des-transports-sap-integree-dans-s-4hana-ou-tm-decentralisee-avantages-et-inconvenients\/\" class=\"tpg-post-link\" target=\"_self\">                        <img loading=\"lazy\" decoding=\"async\" src=\"https:\/\/bandesoft.com\/wp-content\/uploads\/2025\/11\/logistics-professional-overseeing-trucking-fleet-150x150.jpg\"\n                             class=\"rt-img-responsive\"\n                             width=\"150\"\n                             height=\"150\"\n                             alt=\"Gestion des transports SAP int\u00e9gr\u00e9e dans S\/4HANA ou TM d\u00e9centralis\u00e9e : avantages et inconv\u00e9nients\">\n\t\t\t\t\t\t\n\t\t\t\t\t\t\t\n\t\t<\/a>\n\t\t        <div class=\"overlay grid-hover-content\"><\/div>\n\t\t\t\t\t\t<\/div>\n\t\t\t\n\t\t\t<div class=\"post-right-content\">\n\t\t\t\t<div class=\"entry-title-wrapper\"><h3 class=\"entry-title\"><a data-id=\"5159\" href=\"https:\/\/bandesoft.com\/fr\/gestion-des-transports-sap-integree-dans-s-4hana-ou-tm-decentralisee-avantages-et-inconvenients\/\" class=\"tpg-post-link\" target=\"_self\">Gestion des transports SAP int\u00e9gr\u00e9e dans S\/4HANA ou TM d\u00e9centralis\u00e9e : avantages et inconv\u00e9nients<\/a><\/h3><\/div>\n\t\t\t\t\n\t\t\t\t\t\t\t\t\t<div class=\"tpg-excerpt tpg-el-excerpt\">\n\t\t\t\t\t\t\t\t\t\t\t\t\t<div class=\"tpg-excerpt-inner\">\n\t\t\t\t\t\t\t\tUne logistique plus intelligente, des r\u00e9seaux plus solides : choisir le bon d\u00e9ploiement SAP TM pour...\t\t\t\t\t\t\t<\/div>\n\t\t\t\t\t\t\t\t\t\t\t\t\t\t\t\t\t<\/div>\n\t\t\t\t\n\t\t\t\t\t\t\t<\/div>\n\t\t<\/div>\n\t<\/div>\n<\/div>\n\n<div class=\"rt-col-md-6 rt-col-sm-12 rt-col-xs-12 default rt-list-item rt-grid-item\" data-id=\"5146\">\n\t<div class=\"rt-holder tpg-post-holder\">\n\t\t<div class=\"rt-detail rt-el-content-wrapper\">\n\t\t\t\t\t\t\t<div class=\"rt-img-holder tpg-el-image-wrap has-thumbnail\">\n\t\t\t\t\t<a data-id=\"5146\" href=\"https:\/\/bandesoft.com\/fr\/entreposage-plus-intelligent-chaines-dapprovisionnement-plus-solides-repenser-sap-ewm-dans-le-paysage-logistique-actuel\/\" class=\"tpg-post-link\" target=\"_self\">                        <img loading=\"lazy\" decoding=\"async\" src=\"https:\/\/bandesoft.com\/wp-content\/uploads\/2025\/10\/IMG_2822-150x150.png\"\n                             class=\"rt-img-responsive\"\n                             width=\"150\"\n                             height=\"150\"\n                             alt=\"Entreposage plus intelligent, cha\u00eenes d&#8217;approvisionnement plus solides\u00a0: repenser SAP EWM dans le paysage logistique actuel\">\n\t\t\t\t\t\t\n\t\t\t\t\t\t\t\n\t\t<\/a>\n\t\t        <div class=\"overlay grid-hover-content\"><\/div>\n\t\t\t\t\t\t<\/div>\n\t\t\t\n\t\t\t<div class=\"post-right-content\">\n\t\t\t\t<div class=\"entry-title-wrapper\"><h3 class=\"entry-title\"><a data-id=\"5146\" href=\"https:\/\/bandesoft.com\/fr\/entreposage-plus-intelligent-chaines-dapprovisionnement-plus-solides-repenser-sap-ewm-dans-le-paysage-logistique-actuel\/\" class=\"tpg-post-link\" target=\"_self\">Entreposage plus intelligent, cha\u00eenes d&#8217;approvisionnement plus solides\u00a0: repenser SAP EWM dans le paysage logistique actuel<\/a><\/h3><\/div>\n\t\t\t\t\n\t\t\t\t\t\t\t\t\t<div class=\"tpg-excerpt tpg-el-excerpt\">\n\t\t\t\t\t\t\t\t\t\t\t\t\t<div class=\"tpg-excerpt-inner\">\n\t\t\t\t\t\t\t\t\u00c0 l&#8217;\u00e8re de la volatilit\u00e9 de la cha\u00eene d&#8217;approvisionnement, des attentes des...\t\t\t\t\t\t\t<\/div>\n\t\t\t\t\t\t\t\t\t\t\t\t\t\t\t\t\t<\/div>\n\t\t\t\t\n\t\t\t\t\t\t\t<\/div>\n\t\t<\/div>\n\t<\/div>\n<\/div>\n            <\/div>\n\n\t\t\t\n        <\/div>\n\t\t\t\t\t\t<\/div>\n\t\t\t\t<\/div>\n\t\t\t\t\t<\/div>\n\t\t<\/div>\n\t\t\t\t\t<\/div>\n\t\t<\/section>\n\t\t<div class=\"elementor-element elementor-element-0cbe71f e-flex e-con-boxed wpr-particle-no wpr-jarallax-no wpr-parallax-no wpr-sticky-section-no e-con e-parent\" data-id=\"0cbe71f\" data-element_type=\"container\">\n\t\t\t\t\t<div class=\"e-con-inner\">\n\t\t\t\t\t<\/div>\n\t\t\t\t<\/div>\n\t\t\t\t<\/div>","protected":false},"excerpt":{"rendered":"<p>Blog Assurez l&rsquo;avenir de votre entreprise gr\u00e2ce \u00e0 des conseils d&rsquo;experts &#8230; Assurez l&rsquo;avenir de votre entreprise gr\u00e2ce \u00e0 des conseils d&rsquo;experts &#8230; Formation et assistance SAP qui renforcent la confiance Vous d\u00e9butez avec SAP ou vous mettez \u00e0 niveau votre syst\u00e8me\u00a0? Nous proposons des formations SAP&#8230; Des solutions informatiques personnalis\u00e9es pour chaque d\u00e9fi commercial Une solution universelle\u00a0? Pas ici. Nos services de conseil informatique se concentrent sur vos&#8230; Steigern Sie Ihre Gesch\u00e4ftseffizienz mit SAP Consulting SAP ist nicht nur Software \u2013 es ist das R\u00fcckgrat effizienter Unternehmensabl\u00e4ufe. Unsere&#8230;<\/p>","protected":false},"author":1,"featured_media":0,"parent":0,"menu_order":0,"comment_status":"closed","ping_status":"closed","template":"","meta":{"footnotes":""},"class_list":["post-4602","page","type-page","status-publish","hentry"],"yoast_head":"<!-- This site is optimized with the Yoast SEO plugin v26.0 - https:\/\/yoast.com\/wordpress\/plugins\/seo\/ -->\n<title>Blog - Bandesoft<\/title>\n<meta name=\"robots\" content=\"index, follow, max-snippet:-1, max-image-preview:large, max-video-preview:-1\" \/>\n<link rel=\"canonical\" href=\"https:\/\/bandesoft.com\/fr\/blog-3\/\" \/>\n<meta property=\"og:locale\" content=\"fr_FR\" \/>\n<meta property=\"og:type\" content=\"article\" \/>\n<meta property=\"og:title\" content=\"Blog - Bandesoft\" \/>\n<meta property=\"og:description\" content=\"Blog Assurez l&rsquo;avenir de votre entreprise gr\u00e2ce \u00e0 des conseils d&rsquo;experts &#8230; Assurez l&rsquo;avenir de votre entreprise gr\u00e2ce \u00e0 des conseils d&rsquo;experts &#8230; Formation et assistance SAP qui renforcent la confiance Vous d\u00e9butez avec SAP ou vous mettez \u00e0 niveau votre syst\u00e8me\u00a0? Nous proposons des formations SAP&#8230; Des solutions informatiques personnalis\u00e9es pour chaque d\u00e9fi commercial Une solution universelle\u00a0? Pas ici. Nos services de conseil informatique se concentrent sur vos&#8230; Steigern Sie Ihre Gesch\u00e4ftseffizienz mit SAP Consulting SAP ist nicht nur Software \u2013 es ist das R\u00fcckgrat effizienter Unternehmensabl\u00e4ufe. Unsere&#8230;\" \/>\n<meta property=\"og:url\" content=\"https:\/\/bandesoft.com\/fr\/blog-3\/\" \/>\n<meta property=\"og:site_name\" content=\"Bandesoft\" \/>\n<meta property=\"article:modified_time\" content=\"2025-08-21T06:27:14+00:00\" \/>\n<meta property=\"og:image\" content=\"https:\/\/bandesoft.com\/wp-content\/uploads\/2025\/07\/pexels-ninthgrid-2149521550-30678212.jpg\" \/>\n<meta name=\"twitter:card\" content=\"summary_large_image\" \/>\n<meta name=\"twitter:label1\" content=\"Dur\u00e9e de lecture estim\u00e9e\" \/>\n\t<meta name=\"twitter:data1\" content=\"2 minutes\" \/>\n<script type=\"application\/ld+json\" class=\"yoast-schema-graph\">{\"@context\":\"https:\/\/schema.org\",\"@graph\":[{\"@type\":\"WebPage\",\"@id\":\"https:\/\/bandesoft.com\/fr\/blog-3\/\",\"url\":\"https:\/\/bandesoft.com\/fr\/blog-3\/\",\"name\":\"Blog - Bandesoft\",\"isPartOf\":{\"@id\":\"https:\/\/bandesoft.com\/fr\/#website\"},\"primaryImageOfPage\":{\"@id\":\"https:\/\/bandesoft.com\/fr\/blog-3\/#primaryimage\"},\"image\":{\"@id\":\"https:\/\/bandesoft.com\/fr\/blog-3\/#primaryimage\"},\"thumbnailUrl\":\"https:\/\/bandesoft.com\/wp-content\/uploads\/2025\/07\/pexels-ninthgrid-2149521550-30678212.jpg\",\"datePublished\":\"2025-08-10T23:25:58+00:00\",\"dateModified\":\"2025-08-21T06:27:14+00:00\",\"breadcrumb\":{\"@id\":\"https:\/\/bandesoft.com\/fr\/blog-3\/#breadcrumb\"},\"inLanguage\":\"fr-FR\",\"potentialAction\":[{\"@type\":\"ReadAction\",\"target\":[\"https:\/\/bandesoft.com\/fr\/blog-3\/\"]}]},{\"@type\":\"ImageObject\",\"inLanguage\":\"fr-FR\",\"@id\":\"https:\/\/bandesoft.com\/fr\/blog-3\/#primaryimage\",\"url\":\"https:\/\/bandesoft.com\/wp-content\/uploads\/2025\/07\/pexels-ninthgrid-2149521550-30678212.jpg\",\"contentUrl\":\"https:\/\/bandesoft.com\/wp-content\/uploads\/2025\/07\/pexels-ninthgrid-2149521550-30678212.jpg\"},{\"@type\":\"BreadcrumbList\",\"@id\":\"https:\/\/bandesoft.com\/fr\/blog-3\/#breadcrumb\",\"itemListElement\":[{\"@type\":\"ListItem\",\"position\":1,\"name\":\"Home\",\"item\":\"https:\/\/bandesoft.com\/fr\/home-fr\/\"},{\"@type\":\"ListItem\",\"position\":2,\"name\":\"Blog\"}]},{\"@type\":\"WebSite\",\"@id\":\"https:\/\/bandesoft.com\/fr\/#website\",\"url\":\"https:\/\/bandesoft.com\/fr\/\",\"name\":\"Bandesoft\",\"description\":\"\",\"potentialAction\":[{\"@type\":\"SearchAction\",\"target\":{\"@type\":\"EntryPoint\",\"urlTemplate\":\"https:\/\/bandesoft.com\/fr\/?s={search_term_string}\"},\"query-input\":{\"@type\":\"PropertyValueSpecification\",\"valueRequired\":true,\"valueName\":\"search_term_string\"}}],\"inLanguage\":\"fr-FR\"}]}<\/script>\n<!-- \/ Yoast SEO plugin. -->","yoast_head_json":{"title":"Blog - Bandesoft","robots":{"index":"index","follow":"follow","max-snippet":"max-snippet:-1","max-image-preview":"max-image-preview:large","max-video-preview":"max-video-preview:-1"},"canonical":"https:\/\/bandesoft.com\/fr\/blog-3\/","og_locale":"fr_FR","og_type":"article","og_title":"Blog - Bandesoft","og_description":"Blog Assurez l&rsquo;avenir de votre entreprise gr\u00e2ce \u00e0 des conseils d&rsquo;experts &#8230; Assurez l&rsquo;avenir de votre entreprise gr\u00e2ce \u00e0 des conseils d&rsquo;experts &#8230; Formation et assistance SAP qui renforcent la confiance Vous d\u00e9butez avec SAP ou vous mettez \u00e0 niveau votre syst\u00e8me\u00a0? Nous proposons des formations SAP&#8230; Des solutions informatiques personnalis\u00e9es pour chaque d\u00e9fi commercial Une solution universelle\u00a0? Pas ici. Nos services de conseil informatique se concentrent sur vos&#8230; Steigern Sie Ihre Gesch\u00e4ftseffizienz mit SAP Consulting SAP ist nicht nur Software \u2013 es ist das R\u00fcckgrat effizienter Unternehmensabl\u00e4ufe. Unsere&#8230;","og_url":"https:\/\/bandesoft.com\/fr\/blog-3\/","og_site_name":"Bandesoft","article_modified_time":"2025-08-21T06:27:14+00:00","og_image":[{"url":"https:\/\/bandesoft.com\/wp-content\/uploads\/2025\/07\/pexels-ninthgrid-2149521550-30678212.jpg","type":"","width":"","height":""}],"twitter_card":"summary_large_image","twitter_misc":{"Dur\u00e9e de lecture estim\u00e9e":"2 minutes"},"schema":{"@context":"https:\/\/schema.org","@graph":[{"@type":"WebPage","@id":"https:\/\/bandesoft.com\/fr\/blog-3\/","url":"https:\/\/bandesoft.com\/fr\/blog-3\/","name":"Blog - Bandesoft","isPartOf":{"@id":"https:\/\/bandesoft.com\/fr\/#website"},"primaryImageOfPage":{"@id":"https:\/\/bandesoft.com\/fr\/blog-3\/#primaryimage"},"image":{"@id":"https:\/\/bandesoft.com\/fr\/blog-3\/#primaryimage"},"thumbnailUrl":"https:\/\/bandesoft.com\/wp-content\/uploads\/2025\/07\/pexels-ninthgrid-2149521550-30678212.jpg","datePublished":"2025-08-10T23:25:58+00:00","dateModified":"2025-08-21T06:27:14+00:00","breadcrumb":{"@id":"https:\/\/bandesoft.com\/fr\/blog-3\/#breadcrumb"},"inLanguage":"fr-FR","potentialAction":[{"@type":"ReadAction","target":["https:\/\/bandesoft.com\/fr\/blog-3\/"]}]},{"@type":"ImageObject","inLanguage":"fr-FR","@id":"https:\/\/bandesoft.com\/fr\/blog-3\/#primaryimage","url":"https:\/\/bandesoft.com\/wp-content\/uploads\/2025\/07\/pexels-ninthgrid-2149521550-30678212.jpg","contentUrl":"https:\/\/bandesoft.com\/wp-content\/uploads\/2025\/07\/pexels-ninthgrid-2149521550-30678212.jpg"},{"@type":"BreadcrumbList","@id":"https:\/\/bandesoft.com\/fr\/blog-3\/#breadcrumb","itemListElement":[{"@type":"ListItem","position":1,"name":"Home","item":"https:\/\/bandesoft.com\/fr\/home-fr\/"},{"@type":"ListItem","position":2,"name":"Blog"}]},{"@type":"WebSite","@id":"https:\/\/bandesoft.com\/fr\/#website","url":"https:\/\/bandesoft.com\/fr\/","name":"Bandesoft","description":"","potentialAction":[{"@type":"SearchAction","target":{"@type":"EntryPoint","urlTemplate":"https:\/\/bandesoft.com\/fr\/?s={search_term_string}"},"query-input":{"@type":"PropertyValueSpecification","valueRequired":true,"valueName":"search_term_string"}}],"inLanguage":"fr-FR"}]}},"rttpg_featured_image_url":null,"rttpg_author":{"display_name":"admin","author_link":"https:\/\/bandesoft.com\/fr\/author\/admin\/"},"rttpg_comment":0,"rttpg_category":"","rttpg_excerpt":"Blog Assurez l&rsquo;avenir de votre entreprise gr\u00e2ce \u00e0 des conseils d&rsquo;experts &#8230; Assurez l&rsquo;avenir de votre entreprise gr\u00e2ce \u00e0 des conseils d&rsquo;experts &#8230; Formation et assistance SAP qui renforcent la confiance Vous d\u00e9butez avec SAP ou vous mettez \u00e0 niveau votre syst\u00e8me\u00a0? Nous proposons des formations SAP&#8230; Des solutions informatiques personnalis\u00e9es pour chaque d\u00e9fi commercial\u2026","_links":{"self":[{"href":"https:\/\/bandesoft.com\/fr\/wp-json\/wp\/v2\/pages\/4602","targetHints":{"allow":["GET"]}}],"collection":[{"href":"https:\/\/bandesoft.com\/fr\/wp-json\/wp\/v2\/pages"}],"about":[{"href":"https:\/\/bandesoft.com\/fr\/wp-json\/wp\/v2\/types\/page"}],"author":[{"embeddable":true,"href":"https:\/\/bandesoft.com\/fr\/wp-json\/wp\/v2\/users\/1"}],"replies":[{"embeddable":true,"href":"https:\/\/bandesoft.com\/fr\/wp-json\/wp\/v2\/comments?post=4602"}],"version-history":[{"count":10,"href":"https:\/\/bandesoft.com\/fr\/wp-json\/wp\/v2\/pages\/4602\/revisions"}],"predecessor-version":[{"id":4738,"href":"https:\/\/bandesoft.com\/fr\/wp-json\/wp\/v2\/pages\/4602\/revisions\/4738"}],"wp:attachment":[{"href":"https:\/\/bandesoft.com\/fr\/wp-json\/wp\/v2\/media?parent=4602"}],"curies":[{"name":"wp","href":"https:\/\/api.w.org\/{rel}","templated":true}]}}